{"id":990,"date":"2022-09-20T06:56:09","date_gmt":"2022-09-20T06:56:09","guid":{"rendered":"https:\/\/teknoplan.com.tr\/yazilim\/?page_id=990"},"modified":"2022-10-04T10:24:13","modified_gmt":"2022-10-04T10:24:13","slug":"urunler","status":"publish","type":"page","link":"https:\/\/teknoplan.com.tr\/yazilim\/urunler\/","title":{"rendered":"\u00dcr\u00fcnler"},"content":{"rendered":"<div  class=\"wp-block-ultimate-post-post-grid-2 ultp-block-4d5a22\"><div class=\"ultp-block-wrapper\"><div class=\"ultp-loading\"><div class=\"ultp-loading-blocks\" style=\"width:100%;height:100%;\"><div style=\"left: 0;top: 0;animation-delay:0s;\"><\/div><div style=\"left: 21px;top: 0;animation-delay:0.125s;\"><\/div><div style=\"left: 42px;top: 0;animation-delay:0.25s;\"><\/div><div style=\"left: 0;top: 21px;animation-delay:0.875s;\"><\/div><div style=\"left: 42px;top: 21px;animation-delay:0.375s;\"><\/div><div style=\"left: 0;top: 42px;animation-delay:0.75s;\"><\/div><div style=\"left: 42px;top: 42px;animation-delay:0.625s;\"><\/div><div style=\"left: 21px;top: 42px;animation-delay:0.5s;\"><\/div><\/div><\/div><div class=\"ultp-block-items-wrap ultp-block-row\"><div class=\"ultp-block-item post-id-1141\"><div class=\"ultp-block-content-wrap ultp-block-content-overlay\"><div class=\"ultp-block-image ultp-block-image-zoomIn ultp-block-image-overlay ultp-block-image-custom\"><a href=\"https:\/\/teknoplan.com.tr\/yazilim\/personel-takip-sistemleri\/\" target=\"_blank\"><img  alt=\"Personel Takip Sistemleri\"  src=\"https:\/\/teknoplan.com.tr\/yazilim\/wp-content\/uploads\/sites\/8\/2022\/09\/personeltakipsistemi.png\" \/><\/a><\/div><div class=\"ultp-block-content ultp-block-content-bottomPosition\"><div class=\"ultp-block-content-inner\"><h3 class=\"ultp-block-title \"><a href=\"https:\/\/teknoplan.com.tr\/yazilim\/personel-takip-sistemleri\/\" target=\"_blank\">Personel Takip Sistemleri<\/a><\/h3><\/div><\/div><\/div><\/div><div class=\"ultp-block-item post-id-1139\"><div class=\"ultp-block-content-wrap ultp-block-content-overlay\"><div class=\"ultp-block-image ultp-block-image-zoomIn ultp-block-image-overlay ultp-block-image-custom\"><a href=\"https:\/\/teknoplan.com.tr\/yazilim\/insan-kaynaklari-modulu\/\" target=\"_blank\"><img  alt=\"\u0130nsan Kaynaklar\u0131 Y\u00f6netim Mod\u00fcl\u00fc\"  src=\"https:\/\/teknoplan.com.tr\/yazilim\/wp-content\/uploads\/sites\/8\/2022\/09\/insankaynaklari-600x455.png\" \/><\/a><\/div><div class=\"ultp-block-content ultp-block-content-bottomPosition\"><div class=\"ultp-block-content-inner\"><h3 class=\"ultp-block-title \"><a href=\"https:\/\/teknoplan.com.tr\/yazilim\/insan-kaynaklari-modulu\/\" target=\"_blank\">\u0130nsan Kaynaklar\u0131 Y\u00f6netim Mod\u00fcl\u00fc<\/a><\/h3><\/div><\/div><\/div><\/div><div class=\"ultp-block-item post-id-1137\"><div class=\"ultp-block-content-wrap ultp-block-content-overlay\"><div class=\"ultp-block-image ultp-block-image-zoomIn ultp-block-image-overlay ultp-block-image-custom\"><a href=\"https:\/\/teknoplan.com.tr\/yazilim\/seviye-2-yazilimlar\/\" target=\"_blank\"><img  alt=\"Seviye &#8211; 2 Yaz\u0131l\u0131mlar\u0131\"  src=\"https:\/\/teknoplan.com.tr\/yazilim\/wp-content\/uploads\/sites\/8\/2020\/11\/bobin_software.png\" \/><\/a><\/div><div class=\"ultp-block-content ultp-block-content-bottomPosition\"><div class=\"ultp-block-content-inner\"><h3 class=\"ultp-block-title \"><a href=\"https:\/\/teknoplan.com.tr\/yazilim\/seviye-2-yazilimlar\/\" target=\"_blank\">Seviye &#8211; 2 Yaz\u0131l\u0131mlar\u0131<\/a><\/h3><\/div><\/div><\/div><\/div><\/div><\/div><\/div>","protected":false},"excerpt":{"rendered":"","protected":false},"author":1,"featured_media":1282,"parent":0,"menu_order":0,"comment_status":"closed","ping_status":"closed","template":"","meta":[],"_links":{"self":[{"href":"https:\/\/teknoplan.com.tr\/yazilim\/wp-json\/wp\/v2\/pages\/990"}],"collection":[{"href":"https:\/\/teknoplan.com.tr\/yazilim\/wp-json\/wp\/v2\/pages"}],"about":[{"href":"https:\/\/teknoplan.com.tr\/yazilim\/wp-json\/wp\/v2\/types\/page"}],"author":[{"embeddable":true,"href":"https:\/\/teknoplan.com.tr\/yazilim\/wp-json\/wp\/v2\/users\/1"}],"replies":[{"embeddable":true,"href":"https:\/\/teknoplan.com.tr\/yazilim\/wp-json\/wp\/v2\/comments?post=990"}],"version-history":[{"count":14,"href":"https:\/\/teknoplan.com.tr\/yazilim\/wp-json\/wp\/v2\/pages\/990\/revisions"}],"predecessor-version":[{"id":1412,"href":"https:\/\/teknoplan.com.tr\/yazilim\/wp-json\/wp\/v2\/pages\/990\/revisions\/1412"}],"wp:featuredmedia":[{"embeddable":true,"href":"https:\/\/teknoplan.com.tr\/yazilim\/wp-json\/wp\/v2\/media\/1282"}],"wp:attachment":[{"href":"https:\/\/teknoplan.com.tr\/yazilim\/wp-json\/wp\/v2\/media?parent=990"}],"curies":[{"name":"wp","href":"https:\/\/api.w.org\/{rel}","templated":true}]}}