{"id":686,"date":"2022-09-08T11:39:08","date_gmt":"2022-09-08T11:39:08","guid":{"rendered":"https:\/\/teknoplan.com.tr\/yazilim\/?page_id=686"},"modified":"2022-09-28T13:55:14","modified_gmt":"2022-09-28T13:55:14","slug":"referanslar","status":"publish","type":"page","link":"https:\/\/teknoplan.com.tr\/yazilim\/referanslar\/","title":{"rendered":"Referanslar"},"content":{"rendered":"<div  class=\"wp-block-ultimate-post-post-grid-1 ultp-block-e79c85\"><div class=\"ultp-block-wrapper\"><div class=\"ultp-loading\"><div class=\"ultp-loading-blocks\" style=\"width:100%;height:100%;\"><div style=\"left: 0;top: 0;animation-delay:0s;\"><\/div><div style=\"left: 21px;top: 0;animation-delay:0.125s;\"><\/div><div style=\"left: 42px;top: 0;animation-delay:0.25s;\"><\/div><div style=\"left: 0;top: 21px;animation-delay:0.875s;\"><\/div><div style=\"left: 42px;top: 21px;animation-delay:0.375s;\"><\/div><div style=\"left: 0;top: 42px;animation-delay:0.75s;\"><\/div><div style=\"left: 42px;top: 42px;animation-delay:0.625s;\"><\/div><div style=\"left: 21px;top: 42px;animation-delay:0.5s;\"><\/div><\/div><\/div><div class=\"ultp-heading-filter\"><div class=\"ultp-heading-filter-in\"><div class=\"ultp-filter-navigation\"><\/div><\/div><\/div><div class=\"ultp-block-items-wrap ultp-block-row ultp-pg1a-style1 ultp-block-column-6 ultp-layout1\"><div class=\"ultp-block-item post-id-1361\"><div class=\"ultp-block-content-wrap\"><div class=\"ultp-block-image ultp-block-image-zoomIn\"><a href=\"https:\/\/teknoplan.com.tr\/yazilim\/yildiz-demir-celik-2\/\" ><img  alt=\"Y\u0131ld\u0131z Demir \u00c7elik\"  src=\"https:\/\/teknoplan.com.tr\/yazilim\/wp-content\/uploads\/sites\/8\/2022\/09\/yildiz-demir-celik.png\" \/><\/a><\/div><div class=\"ultp-block-content\"><\/div><\/div><\/div><div class=\"ultp-block-item post-id-1268\"><div class=\"ultp-block-content-wrap\"><div class=\"ultp-block-image ultp-block-image-zoomIn\"><a href=\"https:\/\/teknoplan.com.tr\/yazilim\/colakoglu-metalurji\/\" ><img  alt=\"\u00c7olako\u011flu Metalurji\"  src=\"https:\/\/teknoplan.com.tr\/yazilim\/wp-content\/uploads\/sites\/8\/2022\/09\/colakoglu-metalurji-250x174.png\" \/><\/a><\/div><div class=\"ultp-block-content\"><\/div><\/div><\/div><div class=\"ultp-block-item post-id-1260\"><div class=\"ultp-block-content-wrap\"><div class=\"ultp-block-image ultp-block-image-zoomIn\"><a href=\"https:\/\/teknoplan.com.tr\/yazilim\/ersem\/\" ><img  alt=\"Ersem\"  src=\"https:\/\/teknoplan.com.tr\/yazilim\/wp-content\/uploads\/sites\/8\/2022\/09\/ersem-250x110.png\" \/><\/a><\/div><div class=\"ultp-block-content\"><\/div><\/div><\/div><div class=\"ultp-block-item post-id-781\"><div class=\"ultp-block-content-wrap\"><div class=\"ultp-block-image ultp-block-image-zoomIn\"><a href=\"https:\/\/teknoplan.com.tr\/yazilim\/schutz\/\" ><img  alt=\"Sch\u00fctz\"  src=\"https:\/\/teknoplan.com.tr\/yazilim\/wp-content\/uploads\/sites\/8\/2020\/11\/schuetz_logo-300x187-2.png\" \/><\/a><\/div><div class=\"ultp-block-content\"><\/div><\/div><\/div><div class=\"ultp-block-item post-id-691\"><div class=\"ultp-block-content-wrap\"><div class=\"ultp-block-image ultp-block-image-zoomIn\"><a href=\"https:\/\/teknoplan.com.tr\/yazilim\/kardemir-referans\/\" ><img  alt=\"Kardemir\"  src=\"https:\/\/teknoplan.com.tr\/yazilim\/wp-content\/uploads\/sites\/8\/2020\/11\/Kardemir-300x188.gif\" \/><\/a><\/div><div class=\"ultp-block-content\"><\/div><\/div><\/div><\/div><div class=\"ultp-pagination-wrap ultp-pagination-ajax-action\" data-paged=\"1\" data-blockid=\"e79c85\" data-postid=\"686\" data-pages=\"-5\" data-blockname=\"ultimate-post_post-grid-1\" ><ul class=\"ultp-pagination\"><li class=\"ultp-next-page-numbers\"><a href=\"https:\/\/teknoplan.com.tr\/yazilim\/wp-json\/wp\/v2\/pages\/686\/page\/2\/\">Sonraki<svg enable-background=\"new 0 0 477.175 477.175\" version=\"1.1\" viewBox=\"0 0 477.18 477.18\"><path d=\"m360.73 229.08-225.1-225.1c-5.3-5.3-13.8-5.3-19.1 0s-5.3 13.8 0 19.1l215.5 215.5-215.5 215.5c-5.3 5.3-5.3 13.8 0 19.1 2.6 2.6 6.1 4 9.5 4s6.9-1.3 9.5-4l225.1-225.1c5.3-5.2 5.3-13.8 0.1-19z\"\/><\/svg><\/a><\/li><\/ul><\/div><\/div><\/div>\n\n\n<p><\/p>\n","protected":false},"excerpt":{"rendered":"","protected":false},"author":1,"featured_media":1259,"parent":0,"menu_order":0,"comment_status":"closed","ping_status":"closed","template":"","meta":[],"_links":{"self":[{"href":"https:\/\/teknoplan.com.tr\/yazilim\/wp-json\/wp\/v2\/pages\/686"}],"collection":[{"href":"https:\/\/teknoplan.com.tr\/yazilim\/wp-json\/wp\/v2\/pages"}],"about":[{"href":"https:\/\/teknoplan.com.tr\/yazilim\/wp-json\/wp\/v2\/types\/page"}],"author":[{"embeddable":true,"href":"https:\/\/teknoplan.com.tr\/yazilim\/wp-json\/wp\/v2\/users\/1"}],"replies":[{"embeddable":true,"href":"https:\/\/teknoplan.com.tr\/yazilim\/wp-json\/wp\/v2\/comments?post=686"}],"version-history":[{"count":30,"href":"https:\/\/teknoplan.com.tr\/yazilim\/wp-json\/wp\/v2\/pages\/686\/revisions"}],"predecessor-version":[{"id":1258,"href":"https:\/\/teknoplan.com.tr\/yazilim\/wp-json\/wp\/v2\/pages\/686\/revisions\/1258"}],"wp:featuredmedia":[{"embeddable":true,"href":"https:\/\/teknoplan.com.tr\/yazilim\/wp-json\/wp\/v2\/media\/1259"}],"wp:attachment":[{"href":"https:\/\/teknoplan.com.tr\/yazilim\/wp-json\/wp\/v2\/media?parent=686"}],"curies":[{"name":"wp","href":"https:\/\/api.w.org\/{rel}","templated":true}]}}