{"id":49,"date":"2020-11-26T11:03:04","date_gmt":"2020-11-26T11:03:04","guid":{"rendered":"http:\/\/tptestserver.com\/?page_id=49"},"modified":"2022-07-06T07:17:27","modified_gmt":"2022-07-06T07:17:27","slug":"makine","status":"publish","type":"page","link":"https:\/\/teknoplan.com.tr\/yazilim\/makine\/","title":{"rendered":"Makine"},"content":{"rendered":"\n<h2><strong>Otomatik Profil Delme Kesme Makinesi PDKM 1200<\/strong><\/h2>\n\n\n\n<div class=\"wp-container-3 wp-block-columns\">\n<div class=\"wp-container-1 wp-block-column\" style=\"flex-basis:25%\">\n<figure class=\"wp-block-image size-full is-resized\"><img loading=\"lazy\" src=\"\/wp-content\/uploads\/sites\/8\/2020\/11\/pdkm2-scaled.jpg\" alt=\"\" class=\"wp-image-50\" width=\"249\" height=\"186\" srcset=\"https:\/\/teknoplan.com.tr\/yazilim\/wp-content\/uploads\/sites\/8\/2020\/11\/pdkm2-scaled.jpg 2560w, https:\/\/teknoplan.com.tr\/yazilim\/wp-content\/uploads\/sites\/8\/2020\/11\/pdkm2-300x225.jpg 300w, https:\/\/teknoplan.com.tr\/yazilim\/wp-content\/uploads\/sites\/8\/2020\/11\/pdkm2-1024x768.jpg 1024w, https:\/\/teknoplan.com.tr\/yazilim\/wp-content\/uploads\/sites\/8\/2020\/11\/pdkm2-768x576.jpg 768w, https:\/\/teknoplan.com.tr\/yazilim\/wp-content\/uploads\/sites\/8\/2020\/11\/pdkm2-1536x1152.jpg 1536w, https:\/\/teknoplan.com.tr\/yazilim\/wp-content\/uploads\/sites\/8\/2020\/11\/pdkm2-2048x1536.jpg 2048w, https:\/\/teknoplan.com.tr\/yazilim\/wp-content\/uploads\/sites\/8\/2020\/11\/pdkm2-825x620.jpg 825w, https:\/\/teknoplan.com.tr\/yazilim\/wp-content\/uploads\/sites\/8\/2020\/11\/pdkm2-1333x1000.jpg 1333w, https:\/\/teknoplan.com.tr\/yazilim\/wp-content\/uploads\/sites\/8\/2020\/11\/pdkm2-600x450.jpg 600w, https:\/\/teknoplan.com.tr\/yazilim\/wp-content\/uploads\/sites\/8\/2020\/11\/pdkm2-400x300.jpg 400w\" sizes=\"(max-width: 249px) 100vw, 249px\" \/><\/figure>\n\n\n\n<figure class=\"wp-block-image size-full is-resized\"><img loading=\"lazy\" src=\"\/wp-content\/uploads\/sites\/8\/2020\/11\/pdkm-1-scaled.jpg\" alt=\"\" class=\"wp-image-53\" width=\"243\" height=\"182\" srcset=\"https:\/\/teknoplan.com.tr\/yazilim\/wp-content\/uploads\/sites\/8\/2020\/11\/pdkm-1-scaled.jpg 2560w, https:\/\/teknoplan.com.tr\/yazilim\/wp-content\/uploads\/sites\/8\/2020\/11\/pdkm-1-300x225.jpg 300w, https:\/\/teknoplan.com.tr\/yazilim\/wp-content\/uploads\/sites\/8\/2020\/11\/pdkm-1-1024x768.jpg 1024w, https:\/\/teknoplan.com.tr\/yazilim\/wp-content\/uploads\/sites\/8\/2020\/11\/pdkm-1-768x576.jpg 768w, https:\/\/teknoplan.com.tr\/yazilim\/wp-content\/uploads\/sites\/8\/2020\/11\/pdkm-1-1536x1152.jpg 1536w, https:\/\/teknoplan.com.tr\/yazilim\/wp-content\/uploads\/sites\/8\/2020\/11\/pdkm-1-2048x1536.jpg 2048w, https:\/\/teknoplan.com.tr\/yazilim\/wp-content\/uploads\/sites\/8\/2020\/11\/pdkm-1-825x620.jpg 825w, https:\/\/teknoplan.com.tr\/yazilim\/wp-content\/uploads\/sites\/8\/2020\/11\/pdkm-1-1333x1000.jpg 1333w, https:\/\/teknoplan.com.tr\/yazilim\/wp-content\/uploads\/sites\/8\/2020\/11\/pdkm-1-600x450.jpg 600w, https:\/\/teknoplan.com.tr\/yazilim\/wp-content\/uploads\/sites\/8\/2020\/11\/pdkm-1-400x300.jpg 400w\" sizes=\"(max-width: 243px) 100vw, 243px\" \/><\/figure>\n\n\n\n<figure class=\"wp-block-image size-full is-resized\"><img loading=\"lazy\" src=\"\/wp-content\/uploads\/sites\/8\/2020\/11\/pdkm3-1-scaled.jpg\" alt=\"\" class=\"wp-image-54\" width=\"243\" height=\"182\" srcset=\"https:\/\/teknoplan.com.tr\/yazilim\/wp-content\/uploads\/sites\/8\/2020\/11\/pdkm3-1-scaled.jpg 2560w, https:\/\/teknoplan.com.tr\/yazilim\/wp-content\/uploads\/sites\/8\/2020\/11\/pdkm3-1-300x225.jpg 300w, https:\/\/teknoplan.com.tr\/yazilim\/wp-content\/uploads\/sites\/8\/2020\/11\/pdkm3-1-1024x768.jpg 1024w, https:\/\/teknoplan.com.tr\/yazilim\/wp-content\/uploads\/sites\/8\/2020\/11\/pdkm3-1-768x576.jpg 768w, https:\/\/teknoplan.com.tr\/yazilim\/wp-content\/uploads\/sites\/8\/2020\/11\/pdkm3-1-1536x1152.jpg 1536w, https:\/\/teknoplan.com.tr\/yazilim\/wp-content\/uploads\/sites\/8\/2020\/11\/pdkm3-1-2048x1536.jpg 2048w, https:\/\/teknoplan.com.tr\/yazilim\/wp-content\/uploads\/sites\/8\/2020\/11\/pdkm3-1-825x620.jpg 825w, https:\/\/teknoplan.com.tr\/yazilim\/wp-content\/uploads\/sites\/8\/2020\/11\/pdkm3-1-1333x1000.jpg 1333w, https:\/\/teknoplan.com.tr\/yazilim\/wp-content\/uploads\/sites\/8\/2020\/11\/pdkm3-1-600x450.jpg 600w, https:\/\/teknoplan.com.tr\/yazilim\/wp-content\/uploads\/sites\/8\/2020\/11\/pdkm3-1-400x300.jpg 400w\" sizes=\"(max-width: 243px) 100vw, 243px\" \/><\/figure>\n<\/div>\n\n\n\n<div class=\"wp-container-2 wp-block-column\" style=\"flex-basis:75%\">\n<h4>Delme Kesme \u00dcnitesi \u0130\u015flenecek Malzeme \u00d6zellikleri<\/h4>\n\n\n\n<figure class=\"wp-block-table is-style-regular\">\n<table>\n<tbody>\n<tr>\n<td rowspan=\"7\" width=\"110\" height=\"160\">Delme Kesme \u00dcnitesi<\/td>\n<td rowspan=\"4\" width=\"216\">Her T\u00fcrl\u00fc Profil \u0130\u00e7in (H,I,U,L,Kutu Profilleri, v.b)<\/td>\n<td rowspan=\"2\" width=\"103\">Kesit Y\u00fcksekli\u011fi<\/td>\n<td width=\"98\">Min. (mm): 80<\/td>\n<\/tr>\n<tr>\n<td height=\"20\">Max. (mm):600<\/td>\n<\/tr>\n<tr>\n<td rowspan=\"2\" width=\"103\" height=\"40\">Kesit Geni\u015fli\u011fi<\/td>\n<td>Min. (mm): 80<\/td>\n<\/tr>\n<tr>\n<td height=\"20\">Max. (mm):1200<\/td>\n<\/tr>\n<tr>\n<td width=\"216\" height=\"40\">Levha Malzeme \u0130\u00e7in (Levha S\u00fcrme Aparat\u0131 ile Birlikte)<\/td>\n<td>Kesit Y\u00fcksekli\u011fi<\/td>\n<td>Min. (mm): 12<\/td>\n<\/tr>\n<tr>\n<td height=\"20\">Delinebilecek Max. Kal\u0131nl\u0131k<\/td>\n<td>mm<\/td>\n<td align=\"right\">100<\/td>\n<\/tr>\n<tr>\n<td height=\"20\">S\u00fcr\u00fclebilecek Max. Uzunluk<\/td>\n<td>mm<\/td>\n<td align=\"right\">12.300<\/td>\n<\/tr>\n<\/tbody>\n<\/table>\n<\/figure>\n\n\n\n<h4>Delme \u00dcnitesi \u00d6zellikleri<\/h4>\n\n\n\n<figure class=\"wp-block-table\">\n<table>\n<tbody>\n<tr>\n<td rowspan=\"8\" width=\"110\" height=\"216\">Delme \u00dcnitesi \u00d6zellikleri<\/td>\n<td width=\"216\">Delme Ba\u015fl\u0131\u011f\u0131<\/td>\n<td width=\"103\">adet<\/td>\n<td width=\"129\">3<\/td>\n<\/tr>\n<tr>\n<td height=\"20\">\u0130\u015f Mili Say\u0131s\u0131 (2 yatay,1 dikey)<\/td>\n<td>adet<\/td>\n<td>3<\/td>\n<\/tr>\n<tr>\n<td width=\"216\" height=\"40\">Otomatik Tak\u0131m De\u011fi\u015ftirme(5 Tak\u0131ml\u0131k)<\/td>\n<td>adet<\/td>\n<td>3<\/td>\n<\/tr>\n<tr>\n<td height=\"20\">Max. Delik \u00c7ap\u0131<\/td>\n<td>mm<\/td>\n<td>40<\/td>\n<\/tr>\n<tr>\n<td rowspan=\"2\" width=\"216\" height=\"40\">\u0130\u015f Mili \u00c7evirme Motoru (AC)<\/td>\n<td>Kw<\/td>\n<td>9<\/td>\n<\/tr>\n<tr>\n<td height=\"20\">dev\/dk<\/td>\n<td>100-2200<\/td>\n<\/tr>\n<tr>\n<td width=\"216\" height=\"20\">Delme Kafas\u0131 \u0130lerleme H\u0131z\u0131<\/td>\n<td>mm\/dk<\/td>\n<td>40-1000<\/td>\n<\/tr>\n<tr>\n<td width=\"216\" height=\"56\">Delme Kafas\u0131 Yakla\u015fma\/Geriye D\u00f6nme H\u0131z\u0131<\/td>\n<td>m\/dk<\/td>\n<td>6<\/td>\n<\/tr>\n<\/tbody>\n\n<\/table>\n<\/figure>\n\n\n\n<h4>Delme \u00dcnitesi Otomasyon ve Mekanik \u00d6zellikleri<\/h4>\n\n\n\n<figure class=\"wp-block-table\">\n<table>\n<!-- BU SATIRDAN SONRA -->\n <tbody>\n<tr>\n<td rowspan=\"7\" width=\"110\" height=\"160\">Delme Kesme \u00dcnitesi<\/td>\n<td rowspan=\"4\" width=\"216\">Her T\u00fcrl\u00fc Profil \u0130\u00e7in (H,I,U,L,Kutu Profilleri, v.b)<\/td>\n<td rowspan=\"2\" width=\"103\">Kesit Y\u00fcksekli\u011fi<\/td>\n<td width=\"98\">Min. (mm): 80<\/td>\n<\/tr>\n<tr>\n<td height=\"20\">Max. (mm):600<\/td>\n<\/tr>\n<tr>\n<td rowspan=\"2\" width=\"103\" height=\"40\">Kesit Geni\u015fli\u011fi<\/td>\n<td>Min. (mm): 80<\/td>\n<\/tr>\n<tr>\n<td height=\"20\">Max. (mm):1200<\/td>\n<\/tr>\n<tr>\n<td width=\"216\" height=\"40\">Levha Malzeme \u0130\u00e7in (Levha S\u00fcrme Aparat\u0131 ile Birlikte)<\/td>\n<td>Kesit Y\u00fcksekli\u011fi<\/td>\n<td>Min. (mm): 12<\/td>\n<\/tr>\n<tr>\n<td height=\"20\">Delinebilecek Max. Kal\u0131nl\u0131k<\/td>\n<td>mm<\/td>\n<td align=\"right\">100<\/td>\n<\/tr>\n<tr>\n<td height=\"20\">S\u00fcr\u00fclebilecek Max. Uzunluk<\/td>\n<td>mm<\/td>\n<td align=\"right\">12.300<\/td>\n<\/tr>\n<\/tbody>\n<!-- BU SATIRDAN \u00d6NCE -->\n<\/table>\n<\/figure>\n<\/div>\n<\/div>\n\n\n\n<hr class=\"wp-block-separator is-style-wide\"\/>\n\n\n\n<p><\/p>\n","protected":false},"excerpt":{"rendered":"<p>Otomatik Profil Delme Kesme Makinesi PDKM 1200 Delme Kesme \u00dcnitesi \u0130\u015flenecek Malzeme \u00d6zellikleri Delme Kesme \u00dcnitesi Her T\u00fcrl\u00fc Profil \u0130\u00e7in (H,I,U,L,Kutu Profilleri, v.b) Kesit Y\u00fcksekli\u011fi Min. (mm): 80 Max. (mm):600 Kesit Geni\u015fli\u011fi Min. (mm): 80 Max. (mm):1200 Levha Malzeme \u0130\u00e7in (Levha S\u00fcrme Aparat\u0131 ile Birlikte) Kesit Y\u00fcksekli\u011fi Min. (mm): 12 Delinebilecek Max. Kal\u0131nl\u0131k mm 100 [&hellip;]<\/p>\n","protected":false},"author":1,"featured_media":0,"parent":0,"menu_order":0,"comment_status":"closed","ping_status":"closed","template":"","meta":[],"_links":{"self":[{"href":"https:\/\/teknoplan.com.tr\/yazilim\/wp-json\/wp\/v2\/pages\/49"}],"collection":[{"href":"https:\/\/teknoplan.com.tr\/yazilim\/wp-json\/wp\/v2\/pages"}],"about":[{"href":"https:\/\/teknoplan.com.tr\/yazilim\/wp-json\/wp\/v2\/types\/page"}],"author":[{"embeddable":true,"href":"https:\/\/teknoplan.com.tr\/yazilim\/wp-json\/wp\/v2\/users\/1"}],"replies":[{"embeddable":true,"href":"https:\/\/teknoplan.com.tr\/yazilim\/wp-json\/wp\/v2\/comments?post=49"}],"version-history":[{"count":5,"href":"https:\/\/teknoplan.com.tr\/yazilim\/wp-json\/wp\/v2\/pages\/49\/revisions"}],"predecessor-version":[{"id":611,"href":"https:\/\/teknoplan.com.tr\/yazilim\/wp-json\/wp\/v2\/pages\/49\/revisions\/611"}],"wp:attachment":[{"href":"https:\/\/teknoplan.com.tr\/yazilim\/wp-json\/wp\/v2\/media?parent=49"}],"curies":[{"name":"wp","href":"https:\/\/api.w.org\/{rel}","templated":true}]}}