{"id":487,"date":"2020-12-26T23:18:24","date_gmt":"2020-12-26T23:18:24","guid":{"rendered":"http:\/\/tptestserver.com\/?page_id=487"},"modified":"2022-10-04T10:21:51","modified_gmt":"2022-10-04T10:21:51","slug":"haberler","status":"publish","type":"page","link":"https:\/\/teknoplan.com.tr\/yazilim\/haberler\/","title":{"rendered":"Haberler"},"content":{"rendered":"<div  class=\"wp-block-ultimate-post-post-list-3 ultp-block-280f51\"><div class=\"ultp-block-wrapper\"><div class=\"ultp-loading\"><div class=\"ultp-loading-blocks\" style=\"width:100%;height:100%;\"><div style=\"left: 0;top: 0;animation-delay:0s;\"><\/div><div style=\"left: 21px;top: 0;animation-delay:0.125s;\"><\/div><div style=\"left: 42px;top: 0;animation-delay:0.25s;\"><\/div><div style=\"left: 0;top: 21px;animation-delay:0.875s;\"><\/div><div style=\"left: 42px;top: 21px;animation-delay:0.375s;\"><\/div><div style=\"left: 0;top: 42px;animation-delay:0.75s;\"><\/div><div style=\"left: 42px;top: 42px;animation-delay:0.625s;\"><\/div><div style=\"left: 21px;top: 42px;animation-delay:0.5s;\"><\/div><\/div><\/div><div class=\"ultp-block-items-wrap ultp-block-row ultp-block-column-2 ultp-block-content-middle ultp-layout1\"><div class=\"ultp-block-item ultp-block-media post-id-1421\"><div class=\"ultp-block-content-wrap\"><div class=\"ultp-block-image ultp-block-image-opacity\"><a href=\"https:\/\/teknoplan.com.tr\/yazilim\/kardemir-icin-seviye-2-sistemi-gelistirildi\/\" ><img  alt=\"Kardemir i\u00e7in Seviye-2 Sistemi geli\u015ftirildi\"  src=\"https:\/\/teknoplan.com.tr\/yazilim\/wp-content\/uploads\/sites\/8\/2022\/10\/kardemir-level-2-special-600x600.png\" \/><\/a><\/div><div class=\"ultp-block-content\"><h3 class=\"ultp-block-title \"><a href=\"https:\/\/teknoplan.com.tr\/yazilim\/kardemir-icin-seviye-2-sistemi-gelistirildi\/\" >Kardemir i\u00e7in Seviye-2 Sistemi geli\u015ftirildi<\/a><\/h3><div class=\"ultp-block-excerpt\"><\/div><\/div><\/div><\/div><div class=\"ultp-block-item ultp-block-media post-id-1419\"><div class=\"ultp-block-content-wrap\"><div class=\"ultp-block-image ultp-block-image-opacity\"><a href=\"https:\/\/teknoplan.com.tr\/yazilim\/yildiz-demir-celikte-galvanizleme-hatti-seviye-2-sistemi-tamamlanmak-uzere\/\" ><img  alt=\"Y\u0131ld\u0131z Demir \u00c7elikte Galvanizleme Hatt\u0131 Seviye-2 Sistemi tamamlanmak \u00fczere\"  src=\"https:\/\/teknoplan.com.tr\/yazilim\/wp-content\/uploads\/sites\/8\/2022\/10\/yildiz-galvanizing-600x600.png\" \/><\/a><\/div><div class=\"ultp-block-content\"><h3 class=\"ultp-block-title \"><a href=\"https:\/\/teknoplan.com.tr\/yazilim\/yildiz-demir-celikte-galvanizleme-hatti-seviye-2-sistemi-tamamlanmak-uzere\/\" >Y\u0131ld\u0131z Demir \u00c7elikte Galvanizleme Hatt\u0131 Seviye-2 Sistemi tamamlanmak \u00fczere<\/a><\/h3><div class=\"ultp-block-excerpt\"><\/div><\/div><\/div><\/div><div class=\"ultp-block-item ultp-block-media post-id-936\"><div class=\"ultp-block-content-wrap\"><div class=\"ultp-block-image ultp-block-image-opacity\"><a href=\"https:\/\/teknoplan.com.tr\/yazilim\/metalexpo-2022-fuarindayiz\/\" ><img  alt=\"METALEXPO 2022 FUARINDAYIZ\"  src=\"https:\/\/teknoplan.com.tr\/yazilim\/wp-content\/uploads\/sites\/8\/2022\/09\/TP_FUAR-600x583.png\" \/><\/a><\/div><div class=\"ultp-block-content\"><h3 class=\"ultp-block-title \"><a href=\"https:\/\/teknoplan.com.tr\/yazilim\/metalexpo-2022-fuarindayiz\/\" >METALEXPO 2022 FUARINDAYIZ<\/a><\/h3><div class=\"ultp-block-excerpt\"><p>Demir-\u00c7elik Sekt\u00f6r\u00fcne Y\u00f6nelik d\u00fczenlenmekte olan MetalExpo 2022 Fuar\u0131n da yerimizi ald\u0131k siz de\u011ferli m\u00fc\u015fterilerimizi stand\u0131m\u0131z da a\u011f\u0131rlamaktan memnuniyet duyar\u0131z.<\/p>\n<\/div><\/div><\/div><\/div><\/div><\/div><\/div>","protected":false},"excerpt":{"rendered":"","protected":false},"author":1,"featured_media":0,"parent":0,"menu_order":0,"comment_status":"closed","ping_status":"closed","template":"","meta":[],"_links":{"self":[{"href":"https:\/\/teknoplan.com.tr\/yazilim\/wp-json\/wp\/v2\/pages\/487"}],"collection":[{"href":"https:\/\/teknoplan.com.tr\/yazilim\/wp-json\/wp\/v2\/pages"}],"about":[{"href":"https:\/\/teknoplan.com.tr\/yazilim\/wp-json\/wp\/v2\/types\/page"}],"author":[{"embeddable":true,"href":"https:\/\/teknoplan.com.tr\/yazilim\/wp-json\/wp\/v2\/users\/1"}],"replies":[{"embeddable":true,"href":"https:\/\/teknoplan.com.tr\/yazilim\/wp-json\/wp\/v2\/comments?post=487"}],"version-history":[{"count":9,"href":"https:\/\/teknoplan.com.tr\/yazilim\/wp-json\/wp\/v2\/pages\/487\/revisions"}],"predecessor-version":[{"id":1418,"href":"https:\/\/teknoplan.com.tr\/yazilim\/wp-json\/wp\/v2\/pages\/487\/revisions\/1418"}],"wp:attachment":[{"href":"https:\/\/teknoplan.com.tr\/yazilim\/wp-json\/wp\/v2\/media?parent=487"}],"curies":[{"name":"wp","href":"https:\/\/api.w.org\/{rel}","templated":true}]}}