{"id":352,"date":"2020-12-01T11:19:45","date_gmt":"2020-12-01T11:19:45","guid":{"rendered":"http:\/\/tptestserver.com\/?page_id=352"},"modified":"2022-10-04T08:52:13","modified_gmt":"2022-10-04T08:52:13","slug":"bilisim-faaliyetlerimiz","status":"publish","type":"page","link":"https:\/\/teknoplan.com.tr\/yazilim\/bilisim-faaliyetlerimiz\/","title":{"rendered":"Bili\u015fim Faaliyetlerimiz"},"content":{"rendered":"\n<div class=\"wp-container-3 wp-block-columns\">\n<div class=\"wp-container-1 wp-block-column\" style=\"flex-basis:66.66%\">\n<ul><li>Teknoplan Yaz\u0131l\u0131m grubu Seviye-2 yaz\u0131l\u0131mlar\u0131 konusunda g\u00fc\u00e7l\u00fc bir alt yap\u0131ya ve referanslara sahiptir. \u00d6zellikle <strong>entegre demir \u00e7elik sistemlerinin<\/strong> sahip oldu\u011fu tesislerde <strong>Seviye-2 yaz\u0131l\u0131mlar\u0131<\/strong> geli\u015ftirmekteyiz.<\/li><li>M\u00fc\u015fteri talepleri do\u011frultusunda <strong>otomasyon sistemleri ve ERP sistemleri ile entegre<\/strong> olacak \u00e7ekilde <strong>\u00fcr\u00fcn, hat ve t\u00fcketim bilgilerinin takip edilip y\u00f6netilebildi\u011fi<\/strong> \u00f6zel yaz\u0131l\u0131mlar\u0131 tasarlay\u0131p \u00fcr\u00fcle\u015ftirmektyeiz.<\/li><li>Firmalar\u0131n sahaya iletecekleri ve y\u00f6nlendirecekleri <strong>verileri ve sahadan toplayarak<\/strong> karar a\u015famalar\u0131nda kullanabilece\u011fi verilerin elde edilmesi ve <strong>aktar\u0131lmas\u0131n\u0131 sa\u011flayarak<\/strong> firmalar\u0131n bilgi yap\u0131s\u0131na \u00f6nemli bir katk\u0131 sa\u011flamaktay\u0131z.<\/li><li>Firmalar\u0131n sahip oldu\u011fu farkl\u0131 otomasyon ve ERP sistemlerine y\u00f6enlik bug\u00fcne kadar ba\u015far\u0131yla entegrasyonlar\u0131 sa\u011flam\u0131\u015f bulunmaktay\u0131z.<\/li><li>Firmam\u0131z ayr\u0131ca <strong>Hadde At\u00f6lyesi Y\u00f6netim Sistemi<\/strong>, <strong>Bak\u0131m Y\u00f6netim Sistemi<\/strong> ile \u0130malat sekt\u00f6r\u00fcnde ihtiya\u00e7 duyulan \u00f6zel \u00fcr\u00fcnler de geli\u015ftirmektedir.<\/li><\/ul>\n<\/div>\n\n\n\n<div class=\"wp-container-2 wp-block-column\" style=\"flex-basis:33.33%\">\n<figure class=\"wp-block-image alignfull size-large\"><img src=\"\/wp-content\/uploads\/sites\/8\/2020\/12\/faaliyetler.png\" alt=\"\"\/><\/figure>\n<\/div>\n<\/div>\n","protected":false},"excerpt":{"rendered":"<p>Level\u2013 2 System Software, Web Uygulamalar\u0131, \u00dcretim Y\u00f6netim Sistemleri (MES), Kurumsal Kaynak Planlama (ERP), \u0130nsan kaynaklar\u0131 y\u00f6netimi, Personel takip sistemleri, Sekt\u00f6re y\u00f6nelik paket programlar\u0131n temini ve adaptasyonu, A\u00e7\u0131k kaynak yaz\u0131l\u0131mlar\u0131n implementasyonu&#8230;<\/p>\n","protected":false},"author":1,"featured_media":335,"parent":0,"menu_order":0,"comment_status":"closed","ping_status":"closed","template":"","meta":[],"_links":{"self":[{"href":"https:\/\/teknoplan.com.tr\/yazilim\/wp-json\/wp\/v2\/pages\/352"}],"collection":[{"href":"https:\/\/teknoplan.com.tr\/yazilim\/wp-json\/wp\/v2\/pages"}],"about":[{"href":"https:\/\/teknoplan.com.tr\/yazilim\/wp-json\/wp\/v2\/types\/page"}],"author":[{"embeddable":true,"href":"https:\/\/teknoplan.com.tr\/yazilim\/wp-json\/wp\/v2\/users\/1"}],"replies":[{"embeddable":true,"href":"https:\/\/teknoplan.com.tr\/yazilim\/wp-json\/wp\/v2\/comments?post=352"}],"version-history":[{"count":9,"href":"https:\/\/teknoplan.com.tr\/yazilim\/wp-json\/wp\/v2\/pages\/352\/revisions"}],"predecessor-version":[{"id":1397,"href":"https:\/\/teknoplan.com.tr\/yazilim\/wp-json\/wp\/v2\/pages\/352\/revisions\/1397"}],"wp:featuredmedia":[{"embeddable":true,"href":"https:\/\/teknoplan.com.tr\/yazilim\/wp-json\/wp\/v2\/media\/335"}],"wp:attachment":[{"href":"https:\/\/teknoplan.com.tr\/yazilim\/wp-json\/wp\/v2\/media?parent=352"}],"curies":[{"name":"wp","href":"https:\/\/api.w.org\/{rel}","templated":true}]}}