{"id":1400,"date":"2022-10-04T09:02:00","date_gmt":"2022-10-04T09:02:00","guid":{"rendered":"https:\/\/teknoplan.com.tr\/yazilim\/?page_id=1400"},"modified":"2022-10-04T09:02:01","modified_gmt":"2022-10-04T09:02:01","slug":"asitleme-hatti-icin-seviye-2-projesinde-anlasma-yaptik","status":"publish","type":"page","link":"https:\/\/teknoplan.com.tr\/yazilim\/asitleme-hatti-icin-seviye-2-projesinde-anlasma-yaptik\/","title":{"rendered":"Asitleme Hatt\u0131 i\u00e7in Seviye-2 Projesinde anla\u015fma yapt\u0131k"},"content":{"rendered":"\n<figure class=\"wp-block-image size-large\"><img loading=\"lazy\" width=\"1024\" height=\"546\" src=\"https:\/\/teknoplan.com.tr\/yazilim\/wp-content\/uploads\/sites\/8\/2022\/10\/level-2-asitleme-on-anlasma-1024x546.png\" alt=\"\" class=\"wp-image-1407\" srcset=\"https:\/\/teknoplan.com.tr\/yazilim\/wp-content\/uploads\/sites\/8\/2022\/10\/level-2-asitleme-on-anlasma-1024x546.png 1024w, https:\/\/teknoplan.com.tr\/yazilim\/wp-content\/uploads\/sites\/8\/2022\/10\/level-2-asitleme-on-anlasma-250x133.png 250w, https:\/\/teknoplan.com.tr\/yazilim\/wp-content\/uploads\/sites\/8\/2022\/10\/level-2-asitleme-on-anlasma-768x409.png 768w, https:\/\/teknoplan.com.tr\/yazilim\/wp-content\/uploads\/sites\/8\/2022\/10\/level-2-asitleme-on-anlasma-24x13.png 24w, https:\/\/teknoplan.com.tr\/yazilim\/wp-content\/uploads\/sites\/8\/2022\/10\/level-2-asitleme-on-anlasma-36x19.png 36w, https:\/\/teknoplan.com.tr\/yazilim\/wp-content\/uploads\/sites\/8\/2022\/10\/level-2-asitleme-on-anlasma-48x26.png 48w, https:\/\/teknoplan.com.tr\/yazilim\/wp-content\/uploads\/sites\/8\/2022\/10\/level-2-asitleme-on-anlasma.png 1272w\" sizes=\"(max-width: 1024px) 100vw, 1024px\" \/><\/figure>\n","protected":false},"excerpt":{"rendered":"","protected":false},"author":1,"featured_media":1407,"parent":0,"menu_order":0,"comment_status":"closed","ping_status":"closed","template":"","meta":[],"_links":{"self":[{"href":"https:\/\/teknoplan.com.tr\/yazilim\/wp-json\/wp\/v2\/pages\/1400"}],"collection":[{"href":"https:\/\/teknoplan.com.tr\/yazilim\/wp-json\/wp\/v2\/pages"}],"about":[{"href":"https:\/\/teknoplan.com.tr\/yazilim\/wp-json\/wp\/v2\/types\/page"}],"author":[{"embeddable":true,"href":"https:\/\/teknoplan.com.tr\/yazilim\/wp-json\/wp\/v2\/users\/1"}],"replies":[{"embeddable":true,"href":"https:\/\/teknoplan.com.tr\/yazilim\/wp-json\/wp\/v2\/comments?post=1400"}],"version-history":[{"count":1,"href":"https:\/\/teknoplan.com.tr\/yazilim\/wp-json\/wp\/v2\/pages\/1400\/revisions"}],"predecessor-version":[{"id":1409,"href":"https:\/\/teknoplan.com.tr\/yazilim\/wp-json\/wp\/v2\/pages\/1400\/revisions\/1409"}],"wp:featuredmedia":[{"embeddable":true,"href":"https:\/\/teknoplan.com.tr\/yazilim\/wp-json\/wp\/v2\/media\/1407"}],"wp:attachment":[{"href":"https:\/\/teknoplan.com.tr\/yazilim\/wp-json\/wp\/v2\/media?parent=1400"}],"curies":[{"name":"wp","href":"https:\/\/api.w.org\/{rel}","templated":true}]}}