{"id":1398,"date":"2022-10-04T08:53:42","date_gmt":"2022-10-04T08:53:42","guid":{"rendered":"https:\/\/teknoplan.com.tr\/software\/?page_id=1398"},"modified":"2022-10-04T08:53:42","modified_gmt":"2022-10-04T08:53:42","slug":"yildiz-demir-celikte-galvanizleme-hatti-seviye-2-sistemi-tamamlanmak-uzere","status":"publish","type":"page","link":"https:\/\/teknoplan.com.tr\/software\/yildiz-demir-celikte-galvanizleme-hatti-seviye-2-sistemi-tamamlanmak-uzere\/","title":{"rendered":"Y\u0131ld\u0131z Demir \u00c7elikte Galvanizleme Hatt\u0131 Seviye-2 Sistemi tamamlanmak \u00fczere"},"content":{"rendered":"\n<figure class=\"wp-block-image size-large\"><img loading=\"lazy\" width=\"1024\" height=\"575\" src=\"https:\/\/teknoplan.com.tr\/software\/wp-content\/uploads\/sites\/13\/2022\/10\/yildiz-galvanizing-1024x575.png\" alt=\"\" class=\"wp-image-1401\" srcset=\"https:\/\/teknoplan.com.tr\/software\/wp-content\/uploads\/sites\/13\/2022\/10\/yildiz-galvanizing-1024x575.png 1024w, https:\/\/teknoplan.com.tr\/software\/wp-content\/uploads\/sites\/13\/2022\/10\/yildiz-galvanizing-250x140.png 250w, https:\/\/teknoplan.com.tr\/software\/wp-content\/uploads\/sites\/13\/2022\/10\/yildiz-galvanizing-768x432.png 768w, https:\/\/teknoplan.com.tr\/software\/wp-content\/uploads\/sites\/13\/2022\/10\/yildiz-galvanizing-1536x863.png 1536w, https:\/\/teknoplan.com.tr\/software\/wp-content\/uploads\/sites\/13\/2022\/10\/yildiz-galvanizing-24x13.png 24w, https:\/\/teknoplan.com.tr\/software\/wp-content\/uploads\/sites\/13\/2022\/10\/yildiz-galvanizing-36x20.png 36w, https:\/\/teknoplan.com.tr\/software\/wp-content\/uploads\/sites\/13\/2022\/10\/yildiz-galvanizing-48x27.png 48w, https:\/\/teknoplan.com.tr\/software\/wp-content\/uploads\/sites\/13\/2022\/10\/yildiz-galvanizing.png 1920w\" sizes=\"(max-width: 1024px) 100vw, 1024px\" \/><\/figure>\n","protected":false},"excerpt":{"rendered":"","protected":false},"author":1,"featured_media":1401,"parent":0,"menu_order":0,"comment_status":"closed","ping_status":"closed","template":"","meta":[],"_links":{"self":[{"href":"https:\/\/teknoplan.com.tr\/software\/wp-json\/wp\/v2\/pages\/1398"}],"collection":[{"href":"https:\/\/teknoplan.com.tr\/software\/wp-json\/wp\/v2\/pages"}],"about":[{"href":"https:\/\/teknoplan.com.tr\/software\/wp-json\/wp\/v2\/types\/page"}],"author":[{"embeddable":true,"href":"https:\/\/teknoplan.com.tr\/software\/wp-json\/wp\/v2\/users\/1"}],"replies":[{"embeddable":true,"href":"https:\/\/teknoplan.com.tr\/software\/wp-json\/wp\/v2\/comments?post=1398"}],"version-history":[{"count":1,"href":"https:\/\/teknoplan.com.tr\/software\/wp-json\/wp\/v2\/pages\/1398\/revisions"}],"predecessor-version":[{"id":1403,"href":"https:\/\/teknoplan.com.tr\/software\/wp-json\/wp\/v2\/pages\/1398\/revisions\/1403"}],"wp:featuredmedia":[{"embeddable":true,"href":"https:\/\/teknoplan.com.tr\/software\/wp-json\/wp\/v2\/media\/1401"}],"wp:attachment":[{"href":"https:\/\/teknoplan.com.tr\/software\/wp-json\/wp\/v2\/media?parent=1398"}],"curies":[{"name":"wp","href":"https:\/\/api.w.org\/{rel}","templated":true}]}}