{"id":505,"date":"2020-12-26T23:58:17","date_gmt":"2020-12-26T23:58:17","guid":{"rendered":"http:\/\/tptestserver.com\/?page_id=505"},"modified":"2023-07-26T14:57:27","modified_gmt":"2023-07-26T14:57:27","slug":"faaliyetlerimiz","status":"publish","type":"page","link":"https:\/\/teknoplan.com.tr\/otomasyon\/faaliyetlerimiz\/","title":{"rendered":"Faaliyetlerimiz"},"content":{"rendered":"\n<h2>Faaliyetlerimiz<\/h2>\n\n\n\n<ul><li><strong>Siemens Harekeli Kontrol Sistemleri<\/strong> \u00e7\u00f6z\u00fcm orta\u011f\u0131 olarak projeler geli\u015ftirip uygulamaktay\u0131z.<\/li><li>Bug\u00fcne kadar gerek yurti\u00e7inde gerekse yurtd\u0131\u015f\u0131nda olmak \u00fczere 50 civar\u0131nda Boy Kesme, Dilme ve Muayene Hatlar\u0131 i\u00e7in geli\u015ftirdi\u011fimiz <strong>Otomasyon ve Kontrol Sistemleri<\/strong>ni ba\u015far\u0131yla devreye alm\u0131\u015f bulunmaktay\u0131z.<\/li><li>Otomasyon projelerine ait <strong>elektirk \u00e7izimleri<\/strong>, <strong>pano imlatlar\u0131<\/strong>, <strong>SCADA yaz\u0131l\u0131mlar\u0131<\/strong> ve <strong>Kontrol Sistemlerinin<\/strong> tamam\u0131 firmam\u0131z b\u00fcnyesinde ger\u00e7ekle\u015ftirilmektedir.<\/li><li>Demir \u00c7elik Sekt\u00f6r\u00fcnde <strong>Asitleme, S\u00fcrekli Boyama, Boy Kesme, Dilme ve Galvanizleme<\/strong> hatlar\u0131 gibi tesisler i\u00e7in geli\u015ftirdi\u011fimiz \u00fcr\u00fcnler yan\u0131nda iste\u011fe ba\u011fl\u0131 ekipman bazl\u0131 otomasyon sistemleri de geli\u015ftirmi\u015f bulunmaktay\u0131z.<\/li><li><strong>Erdemir <\/strong>ve <strong>\u0130sdemir <\/strong>gibi firmalarda ba\u015far\u0131yla tamamlam\u0131\u015f oldu\u011fumuz vin\u00e7 modernizasyonlar\u0131 bulunmaktad\u0131r. <\/li><li>\u00c7\u00f6z\u00fcm orta\u011f\u0131 olarak sat\u0131\u015f\u0131n\u0131 yapt\u0131\u011f\u0131m\u0131z <strong>Siemens s\u00fcr\u00fcc\u00fclerinin devreye al\u0131nmas\u0131n\u0131<\/strong> sa\u011flamaktay\u0131z.<\/li><li>Firmam\u0131z kurmu\u015f oldu\u011fu sitemlere <strong>uzaktan eri\u015fim ile destek<\/strong> vererek h\u0131zl\u0131 bir \u015fekide problem \u00e7\u00f6z\u00fcm\u00fc sa\u011flamaktad\u0131r.<\/li><\/ul>\n","protected":false},"excerpt":{"rendered":"<p>Faaliyetlerimiz Siemens Harekeli Kontrol Sistemleri \u00e7\u00f6z\u00fcm orta\u011f\u0131 olarak projeler geli\u015ftirip uygulamaktay\u0131z. Bug\u00fcne kadar gerek yurti\u00e7inde gerekse yurtd\u0131\u015f\u0131nda olmak \u00fczere 50 civar\u0131nda Boy Kesme, Dilme ve Muayene Hatlar\u0131 i\u00e7in geli\u015ftirdi\u011fimiz Otomasyon ve Kontrol Sistemlerini ba\u015far\u0131yla devreye alm\u0131\u015f bulunmaktay\u0131z. Otomasyon projelerine ait elektirk \u00e7izimleri, pano imlatlar\u0131, SCADA yaz\u0131l\u0131mlar\u0131 ve Kontrol Sistemlerinin tamam\u0131 firmam\u0131z b\u00fcnyesinde ger\u00e7ekle\u015ftirilmektedir. Demir \u00c7elik [&hellip;]<\/p>\n","protected":false},"author":1,"featured_media":346,"parent":0,"menu_order":0,"comment_status":"closed","ping_status":"closed","template":"","meta":[],"_links":{"self":[{"href":"https:\/\/teknoplan.com.tr\/otomasyon\/wp-json\/wp\/v2\/pages\/505"}],"collection":[{"href":"https:\/\/teknoplan.com.tr\/otomasyon\/wp-json\/wp\/v2\/pages"}],"about":[{"href":"https:\/\/teknoplan.com.tr\/otomasyon\/wp-json\/wp\/v2\/types\/page"}],"author":[{"embeddable":true,"href":"https:\/\/teknoplan.com.tr\/otomasyon\/wp-json\/wp\/v2\/users\/1"}],"replies":[{"embeddable":true,"href":"https:\/\/teknoplan.com.tr\/otomasyon\/wp-json\/wp\/v2\/comments?post=505"}],"version-history":[{"count":11,"href":"https:\/\/teknoplan.com.tr\/otomasyon\/wp-json\/wp\/v2\/pages\/505\/revisions"}],"predecessor-version":[{"id":1566,"href":"https:\/\/teknoplan.com.tr\/otomasyon\/wp-json\/wp\/v2\/pages\/505\/revisions\/1566"}],"wp:featuredmedia":[{"embeddable":true,"href":"https:\/\/teknoplan.com.tr\/otomasyon\/wp-json\/wp\/v2\/media\/346"}],"wp:attachment":[{"href":"https:\/\/teknoplan.com.tr\/otomasyon\/wp-json\/wp\/v2\/media?parent=505"}],"curies":[{"name":"wp","href":"https:\/\/api.w.org\/{rel}","templated":true}]}}