{"id":487,"date":"2020-12-26T23:18:24","date_gmt":"2020-12-26T23:18:24","guid":{"rendered":"http:\/\/tptestserver.com\/?page_id=487"},"modified":"2022-10-04T08:03:22","modified_gmt":"2022-10-04T08:03:22","slug":"haberler","status":"publish","type":"page","link":"https:\/\/teknoplan.com.tr\/makine\/haberler\/","title":{"rendered":"Haberler"},"content":{"rendered":"<div  class=\"wp-block-ultimate-post-post-list-3 ultp-block-7d57f8\"><div class=\"ultp-block-wrapper\"><div class=\"ultp-loading\"><div class=\"ultp-loading-blocks\" style=\"width:100%;height:100%;\"><div style=\"left: 0;top: 0;animation-delay:0s;\"><\/div><div style=\"left: 21px;top: 0;animation-delay:0.125s;\"><\/div><div style=\"left: 42px;top: 0;animation-delay:0.25s;\"><\/div><div style=\"left: 0;top: 21px;animation-delay:0.875s;\"><\/div><div style=\"left: 42px;top: 21px;animation-delay:0.375s;\"><\/div><div style=\"left: 0;top: 42px;animation-delay:0.75s;\"><\/div><div style=\"left: 42px;top: 42px;animation-delay:0.625s;\"><\/div><div style=\"left: 21px;top: 42px;animation-delay:0.5s;\"><\/div><\/div><\/div><div class=\"ultp-block-items-wrap ultp-block-row ultp-block-column-2 ultp-block-content-middle ultp-layout1\"><div class=\"ultp-block-item ultp-block-media post-id-1692\"><div class=\"ultp-block-content-wrap\"><div class=\"ultp-block-image ultp-block-image-opacity\"><a href=\"https:\/\/teknoplan.com.tr\/makine\/toscelikte-yerinde-islemi-hizmeti-verdik\/\" ><img  alt=\"Tos\u00e7elik&#8217;te yerinde i\u015flemi hizmeti verdik\"  src=\"https:\/\/teknoplan.com.tr\/makine\/wp-content\/uploads\/sites\/6\/2022\/10\/Toscelik-yerinde-isleme-600x600.jpeg\" \/><\/a><\/div><div class=\"ultp-block-content\"><h3 class=\"ultp-block-title \"><a href=\"https:\/\/teknoplan.com.tr\/makine\/toscelikte-yerinde-islemi-hizmeti-verdik\/\" >Tos\u00e7elik&#8217;te yerinde i\u015flemi hizmeti verdik<\/a><\/h3><div class=\"ultp-block-excerpt\"><p>Tos\u00e7elik \u015ferit hadde f1 \u015fanz\u0131man rulman yuvas\u0131 yerinde i\u015fleme<\/p>\n<\/div><\/div><\/div><\/div><div class=\"ultp-block-item ultp-block-media post-id-1689\"><div class=\"ultp-block-content-wrap\"><div class=\"ultp-block-image ultp-block-image-opacity\"><a href=\"https:\/\/teknoplan.com.tr\/makine\/boya-hattinda-sticher-imiz-basariyla-kullanilmaya-baslandi\/\" ><img  alt=\"Boya Hatt\u0131nda &#8220;sticher&#8221; \u0131m\u0131z ba\u015far\u0131yla kullan\u0131lmaya ba\u015fland\u0131\"  src=\"https:\/\/teknoplan.com.tr\/makine\/wp-content\/uploads\/sites\/6\/2022\/10\/sticher-600x600.jpeg\" \/><\/a><\/div><div class=\"ultp-block-content\"><h3 class=\"ultp-block-title \"><a href=\"https:\/\/teknoplan.com.tr\/makine\/boya-hattinda-sticher-imiz-basariyla-kullanilmaya-baslandi\/\" >Boya Hatt\u0131nda &#8220;sticher&#8221; \u0131m\u0131z ba\u015far\u0131yla kullan\u0131lmaya ba\u015fland\u0131<\/a><\/h3><div class=\"ultp-block-excerpt\"><\/div><\/div><\/div><\/div><div class=\"ultp-block-item ultp-block-media post-id-936\"><div class=\"ultp-block-content-wrap\"><div class=\"ultp-block-image ultp-block-image-opacity\"><a href=\"https:\/\/teknoplan.com.tr\/makine\/metalexpo-2022-fuarindayiz\/\" ><img  alt=\"METALEXPO 2022 FUARINDAYIZ\"  src=\"https:\/\/teknoplan.com.tr\/makine\/wp-content\/uploads\/sites\/6\/2022\/09\/TP_FUAR-600x583.png\" \/><\/a><\/div><div class=\"ultp-block-content\"><h3 class=\"ultp-block-title \"><a href=\"https:\/\/teknoplan.com.tr\/makine\/metalexpo-2022-fuarindayiz\/\" >METALEXPO 2022 FUARINDAYIZ<\/a><\/h3><div class=\"ultp-block-excerpt\"><p>Demir-\u00c7elik Sekt\u00f6r\u00fcne Y\u00f6nelik d\u00fczenlenmekte olan MetalExpo 2022 Fuar\u0131n da yerimizi ald\u0131k siz de\u011ferli m\u00fc\u015fterilerimizi stand\u0131m\u0131z da a\u011f\u0131rlamaktan memnuniyet duyar\u0131z.<\/p>\n<\/div><\/div><\/div><\/div><div class=\"ultp-block-item ultp-block-media post-id-582\"><div class=\"ultp-block-content-wrap\"><div class=\"ultp-block-image ultp-block-image-opacity\"><a href=\"https:\/\/teknoplan.com.tr\/makine\/rulman-ve-yatakmerdane-yikama-unitesi\/\" ><img  alt=\"Rulman ve Yatak(Merdane) Y\u0131kama \u00dcnitesi\"  src=\"https:\/\/teknoplan.com.tr\/makine\/wp-content\/uploads\/sites\/6\/2022\/06\/Ek.3-Yatak-ve-Rulman-Yikama-PerspektifErdemire-Yapilan.jpg\" \/><\/a><\/div><div class=\"ultp-block-content\"><h3 class=\"ultp-block-title \"><a href=\"https:\/\/teknoplan.com.tr\/makine\/rulman-ve-yatakmerdane-yikama-unitesi\/\" >Rulman ve Yatak(Merdane) Y\u0131kama \u00dcnitesi<\/a><\/h3><div class=\"ultp-block-excerpt\"><p>\u00d6zel Proje Avantajl\u0131 \u00c7\u00f6z\u00fcmler Demir \u00c7elik Sekt\u00f6r\u00fcne \u00e7\u00f6z\u00fcmler \u00fcreten firma olarak i\u015fleyi\u015fler de ya\u015fanan gecikmeler b\u00fct\u00fcn prosesi etkilemesi dolay\u0131s\u0131yla \u00fcretimi geciktirmektedir bunun \u00f6n\u00fcne ge\u00e7ilebilmesi ad\u0131na geli\u015ftirmi\u015f oldu\u011fumuz Hadde Merdaneleri, Yataklar\u0131n\u0131n&hellip;<\/p>\n<\/div><\/div><\/div><\/div><div class=\"ultp-block-item ultp-block-media post-id-374\"><div class=\"ultp-block-content-wrap\"><div class=\"ultp-block-image ultp-block-image-opacity\"><a href=\"https:\/\/teknoplan.com.tr\/makine\/teknoplan-demiryolu-ve-hafif-rayli-sistemler-sektorune-yonelik-cozumler-sunuyor\/\" ><img  alt=\"Teknoplan, demiryolu ve hafif rayl\u0131 sistemler sekt\u00f6r\u00fcne y\u00f6nelik \u00e7\u00f6z\u00fcmler sunuyor\"  src=\"https:\/\/teknoplan.com.tr\/makine\/wp-content\/uploads\/sites\/6\/2020\/12\/demiryolu_ve_hafif_rayli_sistemler.jpg\" \/><\/a><\/div><div class=\"ultp-block-content\"><h3 class=\"ultp-block-title \"><a href=\"https:\/\/teknoplan.com.tr\/makine\/teknoplan-demiryolu-ve-hafif-rayli-sistemler-sektorune-yonelik-cozumler-sunuyor\/\" >Teknoplan, demiryolu ve hafif rayl\u0131 sistemler sekt\u00f6r\u00fcne y\u00f6nelik \u00e7\u00f6z\u00fcmler sunuyor<\/a><\/h3><div class=\"ultp-block-excerpt\"><p>https:\/\/youtu.be\/B9mqMED-9tE<\/p>\n<\/div><\/div><\/div><\/div><\/div><\/div><\/div>","protected":false},"excerpt":{"rendered":"","protected":false},"author":1,"featured_media":0,"parent":0,"menu_order":0,"comment_status":"closed","ping_status":"closed","template":"","meta":[],"_links":{"self":[{"href":"https:\/\/teknoplan.com.tr\/makine\/wp-json\/wp\/v2\/pages\/487"}],"collection":[{"href":"https:\/\/teknoplan.com.tr\/makine\/wp-json\/wp\/v2\/pages"}],"about":[{"href":"https:\/\/teknoplan.com.tr\/makine\/wp-json\/wp\/v2\/types\/page"}],"author":[{"embeddable":true,"href":"https:\/\/teknoplan.com.tr\/makine\/wp-json\/wp\/v2\/users\/1"}],"replies":[{"embeddable":true,"href":"https:\/\/teknoplan.com.tr\/makine\/wp-json\/wp\/v2\/comments?post=487"}],"version-history":[{"count":8,"href":"https:\/\/teknoplan.com.tr\/makine\/wp-json\/wp\/v2\/pages\/487\/revisions"}],"predecessor-version":[{"id":1699,"href":"https:\/\/teknoplan.com.tr\/makine\/wp-json\/wp\/v2\/pages\/487\/revisions\/1699"}],"wp:attachment":[{"href":"https:\/\/teknoplan.com.tr\/makine\/wp-json\/wp\/v2\/media?parent=487"}],"curies":[{"name":"wp","href":"https:\/\/api.w.org\/{rel}","templated":true}]}}