{"id":345,"date":"2020-12-01T11:10:37","date_gmt":"2020-12-01T11:10:37","guid":{"rendered":"http:\/\/tptestserver.com\/?page_id=345"},"modified":"2022-10-04T05:53:57","modified_gmt":"2022-10-04T05:53:57","slug":"activities","status":"publish","type":"page","link":"https:\/\/teknoplan.com.tr\/machine\/activities\/","title":{"rendered":"Activities"},"content":{"rendered":"\n<h2>Activities<\/h2>\n\n\n\n<div class=\"wp-container-3 wp-block-columns\">\n<div class=\"wp-container-1 wp-block-column\" style=\"flex-basis:66.66%\">\n<ul><li><strong>As Teknoplan Mechanical group, we develop projects<\/strong>&nbsp;taking into account customer demands.<\/li><li><strong>The design and 3D modeling<\/strong>&nbsp;of the surveyed request are made in accordance with the request.&nbsp;<strong>The delivery<\/strong>&nbsp;and&nbsp;<strong>commissioning of the<\/strong>&nbsp;product developed in accordance with the project is&nbsp;ensured by manufacturing.<\/li><li><strong>Quality products are created<\/strong>&nbsp;by performing heat treatments at the necessary stages in the&nbsp;<strong>stress relief<\/strong>&nbsp;furnace,&nbsp;<strong>induction hardening<\/strong>&nbsp;and&nbsp;<strong>well type furnaces<\/strong>&nbsp;available in our company.&nbsp;<strong>In addition, heat treatment services<\/strong>&nbsp;are also offered&nbsp;in this area according to customer demands.<\/li><li>We have successfully carried out project-based&nbsp;<strong>design and production of<\/strong>&nbsp;equipment in iron and steel factories.&nbsp;We also take part in the&nbsp;<strong>quality and capacity improvements<\/strong>&nbsp;of companies with&nbsp;<strong>revision projects<\/strong>.&nbsp;Our company is also competent in&nbsp;<strong>steel service center equipment.<\/strong><\/li><li><strong>It has developed Tension Leveler<\/strong>,&nbsp;<strong>Sticher<\/strong>,&nbsp;<strong>Bearing Washing System<\/strong>,&nbsp;<strong>Slab<\/strong>&nbsp;\/&nbsp;<strong>Scrap<\/strong>&nbsp;\/&nbsp;<strong>Coil<\/strong>&nbsp;\/&nbsp;<strong>Rail Tongs<\/strong>&nbsp;with the experience it has gained so far.<\/li><li><strong>We provide on-site processing of<\/strong>&nbsp;equipment to Iron and Steel Companies with our special benches.<\/li><\/ul>\n<\/div>\n\n\n\n<div class=\"wp-container-2 wp-block-column\" style=\"flex-basis:33.33%\">\n<figure class=\"wp-block-image alignfull size-full\"><img loading=\"lazy\" width=\"1024\" height=\"768\" src=\"https:\/\/teknoplan.com.tr\/machine\/wp-content\/uploads\/sites\/10\/2022\/06\/rulman-yikama.jpg\" alt=\"\" class=\"wp-image-587\" srcset=\"https:\/\/teknoplan.com.tr\/machine\/wp-content\/uploads\/sites\/10\/2022\/06\/rulman-yikama.jpg 1024w, https:\/\/teknoplan.com.tr\/machine\/wp-content\/uploads\/sites\/10\/2022\/06\/rulman-yikama-300x225.jpg 300w, https:\/\/teknoplan.com.tr\/machine\/wp-content\/uploads\/sites\/10\/2022\/06\/rulman-yikama-768x576.jpg 768w\" sizes=\"(max-width: 1024px) 100vw, 1024px\" \/><\/figure>\n<\/div>\n<\/div>\n","protected":false},"excerpt":{"rendered":"<p>Projelerin komple tasar\u0131m, imalat, montaj ve devreye al\u0131nmas\u0131, demir \u00e7elik tesisleri sistemlerinin revizyonu, tasar\u0131m, montaj, iyile\u015ftirme projeleri, Rayl\u0131 Sistemlerle ilgili \u00e7al\u0131\u015fmalar&#8230;<\/p>\n","protected":false},"author":1,"featured_media":517,"parent":0,"menu_order":0,"comment_status":"closed","ping_status":"closed","template":"","meta":[],"_links":{"self":[{"href":"https:\/\/teknoplan.com.tr\/machine\/wp-json\/wp\/v2\/pages\/345"}],"collection":[{"href":"https:\/\/teknoplan.com.tr\/machine\/wp-json\/wp\/v2\/pages"}],"about":[{"href":"https:\/\/teknoplan.com.tr\/machine\/wp-json\/wp\/v2\/types\/page"}],"author":[{"embeddable":true,"href":"https:\/\/teknoplan.com.tr\/machine\/wp-json\/wp\/v2\/users\/1"}],"replies":[{"embeddable":true,"href":"https:\/\/teknoplan.com.tr\/machine\/wp-json\/wp\/v2\/comments?post=345"}],"version-history":[{"count":14,"href":"https:\/\/teknoplan.com.tr\/machine\/wp-json\/wp\/v2\/pages\/345\/revisions"}],"predecessor-version":[{"id":1770,"href":"https:\/\/teknoplan.com.tr\/machine\/wp-json\/wp\/v2\/pages\/345\/revisions\/1770"}],"wp:featuredmedia":[{"embeddable":true,"href":"https:\/\/teknoplan.com.tr\/machine\/wp-json\/wp\/v2\/media\/517"}],"wp:attachment":[{"href":"https:\/\/teknoplan.com.tr\/machine\/wp-json\/wp\/v2\/media?parent=345"}],"curies":[{"name":"wp","href":"https:\/\/api.w.org\/{rel}","templated":true}]}}