{"id":382,"date":"2020-12-01T23:53:33","date_gmt":"2020-12-01T23:53:33","guid":{"rendered":"http:\/\/tptestserver.com\/?page_id=382"},"modified":"2022-09-28T08:25:11","modified_gmt":"2022-09-28T08:25:11","slug":"makine-urunlerimiz","status":"publish","type":"page","link":"https:\/\/teknoplan.com.tr\/en\/makine-urunlerimiz\/","title":{"rendered":"Machine Products"},"content":{"rendered":"\n<div class=\"wp-container-3 wp-block-columns\">\n<div class=\"wp-container-1 wp-block-column\" style=\"flex-basis:33.33%\">\n<figure class=\"wp-block-image size-large\"><img loading=\"lazy\" width=\"1024\" height=\"768\" src=\"\/wp-content\/uploads\/sites\/9\/2020\/11\/pdkm2-1024x768.jpg\" alt=\"\" class=\"wp-image-50\" srcset=\"https:\/\/teknoplan.com.tr\/en\/wp-content\/uploads\/sites\/9\/2020\/11\/pdkm2-1024x768.jpg 1024w, https:\/\/teknoplan.com.tr\/en\/wp-content\/uploads\/sites\/9\/2020\/11\/pdkm2-300x225.jpg 300w, https:\/\/teknoplan.com.tr\/en\/wp-content\/uploads\/sites\/9\/2020\/11\/pdkm2-768x576.jpg 768w, https:\/\/teknoplan.com.tr\/en\/wp-content\/uploads\/sites\/9\/2020\/11\/pdkm2-1536x1152.jpg 1536w, https:\/\/teknoplan.com.tr\/en\/wp-content\/uploads\/sites\/9\/2020\/11\/pdkm2-2048x1536.jpg 2048w, https:\/\/teknoplan.com.tr\/en\/wp-content\/uploads\/sites\/9\/2020\/11\/pdkm2-825x620.jpg 825w, https:\/\/teknoplan.com.tr\/en\/wp-content\/uploads\/sites\/9\/2020\/11\/pdkm2-1333x1000.jpg 1333w, https:\/\/teknoplan.com.tr\/en\/wp-content\/uploads\/sites\/9\/2020\/11\/pdkm2-600x450.jpg 600w, https:\/\/teknoplan.com.tr\/en\/wp-content\/uploads\/sites\/9\/2020\/11\/pdkm2-400x300.jpg 400w\" sizes=\"(max-width: 1024px) 100vw, 1024px\" \/><\/figure>\n\n\n\n<figure class=\"wp-block-image size-large\"><img loading=\"lazy\" width=\"1024\" height=\"768\" src=\"\/wp-content\/uploads\/sites\/9\/2020\/11\/pdkm-1024x768.jpg\" alt=\"\" class=\"wp-image-51\" srcset=\"https:\/\/teknoplan.com.tr\/en\/wp-content\/uploads\/sites\/9\/2020\/11\/pdkm-1024x768.jpg 1024w, https:\/\/teknoplan.com.tr\/en\/wp-content\/uploads\/sites\/9\/2020\/11\/pdkm-300x225.jpg 300w, https:\/\/teknoplan.com.tr\/en\/wp-content\/uploads\/sites\/9\/2020\/11\/pdkm-768x576.jpg 768w, https:\/\/teknoplan.com.tr\/en\/wp-content\/uploads\/sites\/9\/2020\/11\/pdkm-1536x1152.jpg 1536w, https:\/\/teknoplan.com.tr\/en\/wp-content\/uploads\/sites\/9\/2020\/11\/pdkm-2048x1536.jpg 2048w, https:\/\/teknoplan.com.tr\/en\/wp-content\/uploads\/sites\/9\/2020\/11\/pdkm-825x620.jpg 825w, https:\/\/teknoplan.com.tr\/en\/wp-content\/uploads\/sites\/9\/2020\/11\/pdkm-1333x1000.jpg 1333w, https:\/\/teknoplan.com.tr\/en\/wp-content\/uploads\/sites\/9\/2020\/11\/pdkm-600x450.jpg 600w, https:\/\/teknoplan.com.tr\/en\/wp-content\/uploads\/sites\/9\/2020\/11\/pdkm-400x300.jpg 400w\" sizes=\"(max-width: 1024px) 100vw, 1024px\" \/><\/figure>\n\n\n\n<figure class=\"wp-block-image size-large\"><img loading=\"lazy\" width=\"1024\" height=\"768\" src=\"\/wp-content\/uploads\/sites\/9\/2020\/11\/pdkm3-1024x768.jpg\" alt=\"\" class=\"wp-image-52\" srcset=\"https:\/\/teknoplan.com.tr\/en\/wp-content\/uploads\/sites\/9\/2020\/11\/pdkm3-1024x768.jpg 1024w, https:\/\/teknoplan.com.tr\/en\/wp-content\/uploads\/sites\/9\/2020\/11\/pdkm3-300x225.jpg 300w, https:\/\/teknoplan.com.tr\/en\/wp-content\/uploads\/sites\/9\/2020\/11\/pdkm3-768x576.jpg 768w, https:\/\/teknoplan.com.tr\/en\/wp-content\/uploads\/sites\/9\/2020\/11\/pdkm3-1536x1152.jpg 1536w, https:\/\/teknoplan.com.tr\/en\/wp-content\/uploads\/sites\/9\/2020\/11\/pdkm3-2048x1536.jpg 2048w, https:\/\/teknoplan.com.tr\/en\/wp-content\/uploads\/sites\/9\/2020\/11\/pdkm3-825x620.jpg 825w, https:\/\/teknoplan.com.tr\/en\/wp-content\/uploads\/sites\/9\/2020\/11\/pdkm3-1333x1000.jpg 1333w, https:\/\/teknoplan.com.tr\/en\/wp-content\/uploads\/sites\/9\/2020\/11\/pdkm3-600x450.jpg 600w, https:\/\/teknoplan.com.tr\/en\/wp-content\/uploads\/sites\/9\/2020\/11\/pdkm3-400x300.jpg 400w\" sizes=\"(max-width: 1024px) 100vw, 1024px\" \/><\/figure>\n<\/div>\n\n\n\n<div class=\"wp-container-2 wp-block-column\" style=\"flex-basis:66.66%\">\n<h6 id=\"otomatik-profil-delme-kesme-makinesi-pdkm-1200\">Automatic Profile Drilling and Cutting Machine PDKM 1200<\/h6>\n\n\n\n<p><strong>Drilling Cutting Unit Material Properties to be Processed<\/strong><\/p>\n\n\n\n<table border=\"1\" width=\"558\" cellspacing=\"0\" cellpadding=\"0\">\n    \n    <tbody>\n    <tr>\n    <td rowspan=\"7\" width=\"110\" height=\"160\">Punching Cut Unit<\/td>\n    <td rowspan=\"4\" width=\"216\">For All Types of Profiles (H,I,U,L,Box Profiles, etc.)<\/td>\n    <td rowspan=\"2\" width=\"103\">Section Height<\/td>\n    <td width=\"98\">Min. (mm): 80<\/td>\n    <\/tr>\n    <tr>\n    <td height=\"20\">Max. (mm):600<\/td>\n    <\/tr>\n    <tr>\n    <td rowspan=\"2\" width=\"103\" height=\"40\">Section Width<\/td>\n    <td>Min. (mm): 80<\/td>\n    <\/tr>\n    <tr>\n    <td height=\"20\">Max. (mm):1200<\/td>\n    <\/tr>\n    <tr>\n    <td width=\"216\" height=\"40\">For Sheet Material (With Sheet Slider)<\/td>\n    <td>Section Height<\/td>\n    <td>Min. (mm): 12<\/td>\n    <\/tr>\n    <tr>\n    <td height=\"20\">Max. Thickness<\/td>\n    <td>mm<\/td>\n    <td align=\"right\">100<\/td>\n    <\/tr>\n    <tr>\n    <td height=\"20\">Max. Length<\/td>\n    <td>mm<\/td>\n    <td align=\"right\">12,300<\/td>\n    <\/tr>\n    <\/tbody>\n    <\/table>\n\n\n\n<p><strong>Drilling Unit Features<\/strong><\/p>\n\n\n\n1.073 \/ 5.000\n\u00c7eviri sonu\u00e7lar\u0131\n<table border=\"1\" width=\"558\" cellspacing=\"0\" cellpadding=\"0\">\n    <tbody>\n    <tr>\n    <td rowspan=\"8\" width=\"110\" height=\"216\">Punching Unit Features<\/td>\n    <td width=\"216\">Punching Head<\/td>\n    <td width=\"103\">number<\/td>\n    <td width=\"129\">3<\/td>\n    <\/tr>\n    <tr>\n    <td height=\"20\">Number of Spindles (2 horizontal, 1 vertical)<\/td>\n    <td>pcs<\/td>\n    <td>3<\/td>\n    <\/tr>\n    <tr>\n    <td width=\"216\" height=\"40\">Auto Tool Change(5 Sets)<\/td>\n    <td>pcs<\/td>\n    <td>3<\/td>\n    <\/tr>\n    <tr>\n    <td height=\"20\">Max. Hole Diameter<\/td>\n    <td>mm<\/td>\n    <td>40<\/td>\n    <\/tr>\n    <tr>\n    <td rowspan=\"2\" width=\"216\" height=\"40\">Spindle Slewing Motor (AC)<\/td>\n    <td>Kw<\/td>\n    <td>9<\/td>\n    <\/tr>\n    <tr>\n    <td height=\"20\">rpm<\/td>\n    <td>100-2200<\/td>\n    <\/tr>\n    <tr>\n    <td width=\"216\" height=\"20\">Drill Head Feedrate<\/td>\n    <td>mm\/min<\/td>\n    <td>40-1000<\/td>\n    <\/tr>\n    <tr>\n    <td width=\"216\" height=\"56\">Drill Head Approach\/Reverse Speed<\/td>\n    <td>m\/min<\/td>\n    <td>6<\/td>\n    <\/tr>\n    <\/tbody>\n    <\/table>\n\n\n\n<p><strong>Drilling Unit Automation and Mechanical Properties<\/strong><\/p>\n\n\n\n<table border=\"1\" width=\"558\" cellspacing=\"0\" cellpadding=\"0\">\n    \n    <tbody>\n    <tr>\n    <td rowspan=\"10\" width=\"110\" height=\"200\">Punching and Cutting Unit (Automation, Mechanical)<\/td>\n    <td width=\"216\">Control Unit<\/td>\n    <td width=\"103\">Standard<\/td>\n    <td width=\"129\">CNC, Industrial PC<\/td>\n    <\/tr>\n    <tr>\n    <td height=\"20\">Horizontal Vise<\/td>\n    <td>Standard<\/td>\n    <td>Hydraulic<\/td>\n    <\/tr>\n    <tr>\n    <td height=\"20\">Vertical Vise<\/td>\n    <td>Standard<\/td>\n    <td>Hydraulic<\/td>\n    <\/tr>\n    <tr>\n    <td height=\"20\">Central Lubrication System<\/td>\n    <td>Standard<\/td>\n    <td><\/td>\n    <\/tr>\n    <tr>\n    <td height=\"20\">Auto Tool Identification<\/td>\n    <td>Optional<\/td>\n    <td><\/td>\n    <\/tr>\n    <tr>\n    <td height=\"20\">Automatic Tool Pulling System<\/td>\n    <td>Standard<\/td>\n    <td><\/td>\n    <\/tr>\n    <tr>\n    <td height=\"20\">Marking Unit<\/td>\n    <td>Optional<\/td>\n    <td><\/td>\n    <\/tr>\n    <tr>\n    <td height=\"20\">Automatic Material Loading<\/td>\n    <td>Optional<\/td>\n    <td><\/td>\n    <\/tr>\n    <tr>\n    <td height=\"20\">Drill Internal Cooling System<\/td>\n    <td>Standard\/Optional<\/td>\n    <td><\/td>\n    <\/tr>\n    <tr>\n    <td height=\"20\">Remote Communication<\/td>\n    <td>Optional<\/td>\n    <td>For Maintenance<\/td>\n    <\/tr>\n    <\/tbody>\n    <\/table>\n\n\n\n<p><strong>Saw Unit Features<\/strong><\/p>\n\n\n\n930 \/ 5.000\n\u00c7eviri sonu\u00e7lar\u0131\n<table border=\"1\" width=\"558\" cellspacing=\"0\" cellpadding=\"0\">\n     <tbody>\n     <tr>\n     <td rowspan=\"7\" width=\"110\" height=\"140\">Saw Unit<\/td>\n     <td rowspan=\"2\" width=\"216\">90\u2032 Saw Capacity<\/td>\n     <td width=\"103\">Min. (mm)<\/td>\n     <td width=\"129\">90 x 10<\/td>\n     <\/tr>\n     <tr>\n     <td height=\"20\">Max. (mm)<\/td>\n     <td>1200 x 600<\/td>\n     <\/tr>\n     <tr>\n     <td height=\"20\">60\u2032 Saw Capacity<\/td>\n     <td>mm<\/td>\n     <td>600 x 600<\/td>\n     <\/tr>\n     <tr>\n     <td height=\"20\">45\u2032 Saw Capacity<\/td>\n     <td>mm<\/td>\n     <td>840 x 600<\/td>\n     <\/tr>\n     <tr>\n     <td height=\"20\">Bandsaw Motor Power<\/td>\n     <td>Kw<\/td>\n     <td>7.50<\/td>\n     <\/tr>\n     <tr>\n     <td height=\"20\">Band Saw Nominal Sizes<\/td>\n     <td>mm<\/td>\n     <td>41 x 1.3 x 9370<\/td>\n     <\/tr>\n     <tr>\n     <td height=\"20\">Band Saw Cutting Speed<\/td>\n     <td>m\/min<\/td>\n     <td>45-50<\/td>\n     <\/tr>\n     <\/tbody>\n     <\/table>\n\n\n\n<p><strong>Other Features<\/strong><\/p>\n\n\n\n<table border=\"1\" width=\"558\" cellspacing=\"0\" cellpadding=\"0\">\n     <tbody>\n     <tr>\n     <td rowspan=\"4\" width=\"110\" height=\"100\">Other Properties<\/td>\n     <td width=\"216\">Max. Weight<\/td>\n     <td width=\"103\">kg<\/td>\n     <td align=\"right\" width=\"129\">2,500<\/td>\n     <\/tr>\n     <tr>\n     <td width=\"216\" height=\"40\">Max. Weight Per Unit of Material<\/td>\n     <td>kg\/m<\/td>\n     <td align=\"right\">220<\/td>\n     <\/tr>\n     <tr>\n     <td height=\"20\">Max. Transport Speed<\/td>\n     <td>m\/min<\/td>\n     <td align=\"right\">30<\/td>\n     <\/tr>\n     <tr>\n     <td height=\"20\">Working Level Height<\/td>\n     <td>mm<\/td>\n     <td align=\"right\">800<\/td>\n     <\/tr>\n     <\/tbody>\n     <\/table>\n<\/div>\n<\/div>\n\n\n\n<hr class=\"wp-block-separator has-css-opacity is-style-wide\"\/>\n\n\n\n<div class=\"wp-container-6 wp-block-columns\">\n<div class=\"wp-container-4 wp-block-column\" style=\"flex-basis:33.33%\">\n<figure class=\"wp-block-image alignfull size-large\"><img loading=\"lazy\" width=\"300\" height=\"170\" src=\"\/wp-content\/uploads\/sites\/9\/2020\/12\/tongs50_white-300x170-1.jpg\" alt=\"\" class=\"wp-image-390\"\/><\/figure>\n<\/div>\n\n\n\n<div class=\"wp-container-5 wp-block-column\" style=\"flex-basis:66.66%\">\n<h6 id=\"slab-tongs\"><strong>Slab Tongs<\/strong><\/h6>\n\n\n\n<p><strong>Slab Kald\u0131rma Kapasiteleri(ton):<\/strong> 20, 25, 32, 48, 60, 80<\/p>\n\n\n\n<p><strong>Minimum- Maksimum Slab Geni\u015fli\u011fi (mm):<\/strong> 400\/1100; 750\/1700; 1200\/2200<\/p>\n\n\n\n<figure class=\"wp-block-table is-style-regular\"><table><thead><tr><th><strong>\u00d6zellik Tan\u0131m\u0131<\/strong><\/th><th><strong>Birimi<\/strong><\/th><th><strong>Miktar<\/strong><\/th><\/tr><\/thead><tbody><tr><td>Toplam Slab A\u011f\u0131rl\u0131\u011f\u0131<\/td><td>ton<\/td><td>25<\/td><\/tr><tr><td>Slab Boyu<\/td><td>mm<\/td><td>4000 \u2013 10000<\/td><\/tr><tr><td>Slab Geni\u015fli\u011fi<\/td><td>mm<\/td><td>400 \u2013 1100<\/td><\/tr><tr><td>Slab Kal\u0131nl\u0131\u011f\u0131<\/td><td>mm<\/td><td>150 \u2013 250<\/td><\/tr><tr><td>Slab S\u0131cakl\u0131\u011f\u0131<\/td><td>C<\/td><td>&lt;= 850<\/td><\/tr><tr><td>Toplam Tong A\u011f\u0131rl\u0131\u011f\u0131<\/td><td>ton<\/td><td>6,7<\/td><\/tr><tr><td>Slab Yakalama Kapasitesi<\/td><td>Par\u00e7a\/zaman<\/td><td>1-3<\/td><\/tr><\/tbody><\/table><\/figure>\n<\/div>\n<\/div>\n\n\n\n<hr class=\"wp-block-separator has-css-opacity is-style-wide\"\/>\n\n\n\n<div class=\"wp-container-9 wp-block-columns\">\n<div class=\"wp-container-7 wp-block-column\" style=\"flex-basis:33.33%\">\n<figure class=\"wp-block-image size-large\"><img loading=\"lazy\" width=\"300\" height=\"224\" src=\"\/wp-content\/uploads\/sites\/9\/2020\/12\/BobinTongu2.png\" alt=\"\" class=\"wp-image-391\"\/><\/figure>\n<\/div>\n\n\n\n<div class=\"wp-container-8 wp-block-column\" style=\"flex-basis:66.66%\">\n<h6 id=\"bobin-tongs\"><strong>Bobin Tongs<\/strong><\/h6>\n\n\n\n<p><strong>Bobin Kald\u0131rma Kapasiteleri (ton) <\/strong>12, 16, 20, 32, 42<\/p>\n\n\n\n<p><strong>Minimum- Maksimum Bobin Geni\u015fli\u011fi (mm)<\/strong> 400\/1250; 750\/1700; 1200\/2200<\/p>\n\n\n\n<figure class=\"wp-block-table is-style-regular\"><table><thead><tr><th><strong>\u00d6zellik Tan\u0131m\u0131<\/strong><\/th><th><strong>Birimi<\/strong><\/th><th><strong>Miktar<\/strong><\/th><\/tr><\/thead><tbody><tr><td>Toplam Bobin A\u011f\u0131rl\u0131\u011f\u0131<\/td><td>ton<\/td><td>16<\/td><\/tr><tr><td>Bobin Geni\u015fli\u011fi<\/td><td>mm<\/td><td>400 \u2013 1250<\/td><\/tr><tr><td>Max. Bobin D\u0131\u015f \u00c7ap<\/td><td>mm<\/td><td>2100<\/td><\/tr><tr><td>Min. Bobin \u0130\u00e7 \u00c7ap<\/td><td>mm<\/td><td>500 \u2013 800<\/td><\/tr><tr><td>Bobin S\u0131cakl\u0131\u011f\u0131<\/td><td>C<\/td><td>&lt;= 400<\/td><\/tr><tr><td>Toplam Tong A\u011f\u0131rl\u0131\u011f\u0131<\/td><td>ton<\/td><td>2.5<\/td><\/tr><\/tbody><\/table><\/figure>\n<\/div>\n<\/div>\n\n\n\n<hr class=\"wp-block-separator has-css-opacity is-style-wide\"\/>\n\n\n\n<div class=\"wp-container-12 wp-block-columns\">\n<div class=\"wp-container-10 wp-block-column\" style=\"flex-basis:33.33%\">\n<figure class=\"wp-block-image size-large\"><img loading=\"lazy\" width=\"300\" height=\"224\" src=\"\/wp-content\/uploads\/sites\/9\/2020\/12\/ray_tongsu-300x224-1.png\" alt=\"\" class=\"wp-image-392\"\/><\/figure>\n<\/div>\n\n\n\n<div class=\"wp-container-11 wp-block-column\" style=\"flex-basis:66.66%\">\n<h6 id=\"ray-tongs\"><strong>Ray Tongs<\/strong><\/h6>\n\n\n\n<ul><li>B\u00fct\u00fcn ray boyutlar\u0131na g\u00f6re ayarlanabilir olarak dizayn edilmi\u015ftir.<\/li><li>Emniyet kilit sistemi.<\/li><li>\u0130stenilen kapasitede tasarlanabilme esnekli\u011fi.<\/li><\/ul>\n\n\n\n<figure class=\"wp-block-table is-style-regular\"><table><thead><tr><th><strong>Ray Say\u0131s\u0131<\/strong><\/th><th><strong>Kapasite (Ton)<\/strong><\/th><th><strong>Ekipman A\u011f\u0131rl\u0131k<\/strong><\/th><\/tr><\/thead><tbody><tr><td>&nbsp;3<\/td><td>&nbsp;5<\/td><td>&nbsp;185<\/td><\/tr><tr><td>&nbsp;4<\/td><td>&nbsp;5<\/td><td>&nbsp;200<\/td><\/tr><tr><td>&nbsp;5<\/td><td>&nbsp;5<\/td><td>&nbsp;230<\/td><\/tr><tr><td>&nbsp;6<\/td><td>&nbsp;6<\/td><td>&nbsp;265<\/td><\/tr><tr><td>&nbsp;8<\/td><td>&nbsp;8<\/td><td>&nbsp;330<\/td><\/tr><tr><td>&nbsp;10<\/td><td>&nbsp;10<\/td><td>&nbsp;405<\/td><\/tr><tr><td>&nbsp;12<\/td><td>&nbsp;12<\/td><td>&nbsp;480<\/td><\/tr><\/tbody><\/table><\/figure>\n<\/div>\n<\/div>\n\n\n\n<hr class=\"wp-block-separator has-css-opacity is-style-wide\"\/>\n\n\n\n<div class=\"wp-container-15 wp-block-columns\">\n<div class=\"wp-container-13 wp-block-column\" style=\"flex-basis:33.33%\">\n<figure class=\"wp-block-image size-large\"><img loading=\"lazy\" width=\"1024\" height=\"576\" src=\"\/wp-content\/uploads\/sites\/9\/2020\/12\/bobin.jpg\" alt=\"\" class=\"wp-image-393\" srcset=\"https:\/\/teknoplan.com.tr\/en\/wp-content\/uploads\/sites\/9\/2020\/12\/bobin.jpg 1024w, https:\/\/teknoplan.com.tr\/en\/wp-content\/uploads\/sites\/9\/2020\/12\/bobin-300x169.jpg 300w, https:\/\/teknoplan.com.tr\/en\/wp-content\/uploads\/sites\/9\/2020\/12\/bobin-768x432.jpg 768w\" sizes=\"(max-width: 1024px) 100vw, 1024px\" \/><\/figure>\n<\/div>\n\n\n\n<div class=\"wp-container-14 wp-block-column\" style=\"flex-basis:66.66%\">\n<h6 id=\"bobin-devirici\"><strong>Bobin Devirici<\/strong><\/h6>\n\n\n\n<ul><li>16 ton kapasiteli (\u0130stenilen kapasitelerde yap\u0131labilir)<\/li><li>1600 mm bobin \u00e7ap\u0131 (Bobin \u00e7ap\u0131 kapasite iste\u011fine g\u00f6re de\u011fi\u015fir.)<\/li><li>Elektromekaniktir.<\/li><li>Dikey bobini yatay hale getirir.<\/li><\/ul>\n<\/div>\n<\/div>\n\n\n\n<hr class=\"wp-block-separator has-css-opacity is-style-wide\"\/>\n\n\n\n<div class=\"wp-container-18 wp-block-columns\">\n<div class=\"wp-container-16 wp-block-column\" style=\"flex-basis:33.33%\">\n<figure class=\"wp-block-image size-large\"><img loading=\"lazy\" width=\"858\" height=\"664\" src=\"\/wp-content\/uploads\/sites\/9\/2020\/12\/hadde_yatagi.jpg\" alt=\"\" class=\"wp-image-394\" srcset=\"https:\/\/teknoplan.com.tr\/en\/wp-content\/uploads\/sites\/9\/2020\/12\/hadde_yatagi.jpg 858w, https:\/\/teknoplan.com.tr\/en\/wp-content\/uploads\/sites\/9\/2020\/12\/hadde_yatagi-300x232.jpg 300w, https:\/\/teknoplan.com.tr\/en\/wp-content\/uploads\/sites\/9\/2020\/12\/hadde_yatagi-768x594.jpg 768w\" sizes=\"(max-width: 858px) 100vw, 858px\" \/><\/figure>\n<\/div>\n\n\n\n<div class=\"wp-container-17 wp-block-column\" style=\"flex-basis:66.66%\">\n<h6 id=\"hadde-yatagi\"><strong>Hadde Yata\u011f\u0131<\/strong><\/h6>\n\n\n\n<ul><li>\u0130stenilen \u00f6zelliklere g\u00f6re hadde yata\u011f\u0131 tasar\u0131m\u0131 yap\u0131labilmektedir.<\/li><\/ul>\n<\/div>\n<\/div>\n\n\n\n<hr class=\"wp-block-separator has-css-opacity is-style-wide\"\/>\n\n\n\n<div class=\"wp-container-21 wp-block-columns\">\n<div class=\"wp-container-19 wp-block-column\" style=\"flex-basis:33.33%\">\n<figure class=\"wp-block-image size-large\"><img loading=\"lazy\" width=\"463\" height=\"348\" src=\"\/wp-content\/uploads\/sites\/9\/2020\/11\/Picture1.jpg\" alt=\"\" class=\"wp-image-25\" srcset=\"https:\/\/teknoplan.com.tr\/en\/wp-content\/uploads\/sites\/9\/2020\/11\/Picture1.jpg 463w, https:\/\/teknoplan.com.tr\/en\/wp-content\/uploads\/sites\/9\/2020\/11\/Picture1-300x225.jpg 300w, https:\/\/teknoplan.com.tr\/en\/wp-content\/uploads\/sites\/9\/2020\/11\/Picture1-400x301.jpg 400w\" sizes=\"(max-width: 463px) 100vw, 463px\" \/><\/figure>\n<\/div>\n\n\n\n<div class=\"wp-container-20 wp-block-column\" style=\"flex-basis:66.66%\">\n<h6 id=\"yerinde-isleme-tezgahlari\"><strong>Yerinde \u0130\u015fleme Tezgahlar\u0131<\/strong><\/h6>\n\n\n\n<ul><li>Yerinden kald\u0131r\u0131lmayacak b\u00fcy\u00fckl\u00fckte malzeme ve aparatlar\u0131 i\u015fler.<\/li><li>Seyyar freze i\u015flevi g\u00f6r\u00fcr.<\/li><\/ul>\n<\/div>\n<\/div>\n\n\n\n<hr class=\"wp-block-separator has-css-opacity is-style-wide\"\/>\n\n\n\n<div class=\"wp-container-24 wp-block-columns\">\n<div class=\"wp-container-22 wp-block-column\" style=\"flex-basis:33.33%\"><div class=\"wp-block-image\">\n<figure class=\"aligncenter size-large is-resized\"><img loading=\"lazy\" src=\"\/wp-content\/uploads\/sites\/9\/2020\/12\/polip1.jpg\" alt=\"\" class=\"wp-image-396\" width=\"240\" height=\"320\" srcset=\"https:\/\/teknoplan.com.tr\/en\/wp-content\/uploads\/sites\/9\/2020\/12\/polip1.jpg 480w, https:\/\/teknoplan.com.tr\/en\/wp-content\/uploads\/sites\/9\/2020\/12\/polip1-225x300.jpg 225w\" sizes=\"(max-width: 240px) 100vw, 240px\" \/><\/figure><\/div>\n\n\n<figure class=\"wp-block-image alignfull size-large\"><img loading=\"lazy\" width=\"1024\" height=\"768\" src=\"\/wp-content\/uploads\/sites\/9\/2020\/12\/polip2-1024x768.jpg\" alt=\"\" class=\"wp-image-397\" srcset=\"https:\/\/teknoplan.com.tr\/en\/wp-content\/uploads\/sites\/9\/2020\/12\/polip2-1024x768.jpg 1024w, https:\/\/teknoplan.com.tr\/en\/wp-content\/uploads\/sites\/9\/2020\/12\/polip2-300x225.jpg 300w, https:\/\/teknoplan.com.tr\/en\/wp-content\/uploads\/sites\/9\/2020\/12\/polip2-768x576.jpg 768w, https:\/\/teknoplan.com.tr\/en\/wp-content\/uploads\/sites\/9\/2020\/12\/polip2-1536x1152.jpg 1536w, https:\/\/teknoplan.com.tr\/en\/wp-content\/uploads\/sites\/9\/2020\/12\/polip2-2048x1536.jpg 2048w\" sizes=\"(max-width: 1024px) 100vw, 1024px\" \/><\/figure>\n<\/div>\n\n\n\n<div class=\"wp-container-23 wp-block-column\" style=\"flex-basis:66.66%\">\n<h6 id=\"hidrolik-polip\"><strong>Hidrolik Polip<\/strong><\/h6>\n\n\n\n<ul><li>Hurda tahmil ve tahliyesinde kullan\u0131l\u0131r.<\/li><\/ul>\n<\/div>\n<\/div>\n\n\n\n<hr class=\"wp-block-separator has-css-opacity is-style-wide\"\/>\n\n\n\n<div class=\"wp-container-27 wp-block-columns\">\n<div class=\"wp-container-25 wp-block-column\" style=\"flex-basis:33.33%\">\n<figure class=\"wp-block-image size-large\"><img loading=\"lazy\" width=\"1024\" height=\"484\" src=\"\/wp-content\/uploads\/sites\/9\/2020\/12\/vinc1-1024x484.jpg\" alt=\"\" class=\"wp-image-399\" srcset=\"https:\/\/teknoplan.com.tr\/en\/wp-content\/uploads\/sites\/9\/2020\/12\/vinc1-1024x484.jpg 1024w, https:\/\/teknoplan.com.tr\/en\/wp-content\/uploads\/sites\/9\/2020\/12\/vinc1-300x142.jpg 300w, https:\/\/teknoplan.com.tr\/en\/wp-content\/uploads\/sites\/9\/2020\/12\/vinc1-768x363.jpg 768w, https:\/\/teknoplan.com.tr\/en\/wp-content\/uploads\/sites\/9\/2020\/12\/vinc1-1536x726.jpg 1536w, https:\/\/teknoplan.com.tr\/en\/wp-content\/uploads\/sites\/9\/2020\/12\/vinc1-2048x968.jpg 2048w\" sizes=\"(max-width: 1024px) 100vw, 1024px\" \/><\/figure>\n<\/div>\n\n\n\n<div class=\"wp-container-26 wp-block-column\" style=\"flex-basis:66.66%\">\n<h6 id=\"gezer-koprulu-vinc\"><strong>Gezer K\u00f6pr\u00fcl\u00fc Vin\u00e7<\/strong><\/h6>\n\n\n\n<ul><li>Y\u00fck ta\u015f\u0131mada kullan\u0131l\u0131r.<\/li><\/ul>\n<\/div>\n<\/div>\n\n\n\n<hr class=\"wp-block-separator has-css-opacity is-style-wide\"\/>\n\n\n\n<div class=\"wp-container-30 wp-block-columns\">\n<div class=\"wp-container-28 wp-block-column\" style=\"flex-basis:33.33%\">\n<figure class=\"wp-block-image size-large\"><img loading=\"lazy\" width=\"1024\" height=\"683\" src=\"\/wp-content\/uploads\/sites\/9\/2020\/12\/araba-1024x683.jpg\" alt=\"\" class=\"wp-image-359\" srcset=\"https:\/\/teknoplan.com.tr\/en\/wp-content\/uploads\/sites\/9\/2020\/12\/araba-1024x683.jpg 1024w, https:\/\/teknoplan.com.tr\/en\/wp-content\/uploads\/sites\/9\/2020\/12\/araba-300x200.jpg 300w, https:\/\/teknoplan.com.tr\/en\/wp-content\/uploads\/sites\/9\/2020\/12\/araba-768x512.jpg 768w, https:\/\/teknoplan.com.tr\/en\/wp-content\/uploads\/sites\/9\/2020\/12\/araba.jpg 1200w\" sizes=\"(max-width: 1024px) 100vw, 1024px\" \/><\/figure>\n<\/div>\n\n\n\n<div class=\"wp-container-29 wp-block-column\" style=\"flex-basis:66.66%\">\n<h6 id=\"gerilim-giderme-islemleri\"><strong>Gerilim Giderme \u0130\u015flemleri<\/strong><\/h6>\n\n\n\n<ul><li>Her t\u00fcrl\u00fc \u00e7elik ve d\u00f6k\u00fcm malzemelerin gerilim giderme i\u015flemleri yap\u0131lmaktad\u0131r.<\/li><li>Maksimum par\u00e7a boyutlar\u0131 : 1500 x 2000 x 5000 mm \u015feklindedir.<\/li><li>F\u0131r\u0131n d\u0131\u015f hacmi : 2250 x 2800 x 5000 mm \u015feklindedir.<\/li><li>G\u00f6revli: Burak G\u00dcLL\u00dc, Tel: 0 538 651 46 81<\/li><\/ul>\n<\/div>\n<\/div>\n\n\n\n<hr class=\"wp-block-separator has-css-opacity is-style-wide\"\/>\n\n\n\n<p><\/p>\n","protected":false},"excerpt":{"rendered":"<p>Automatic Profile Drilling and Cutting Machine PDKM 1200 Drilling Cutting Unit Material Properties to be Processed Punching Cut Unit For All Types of Profiles (H,I,U,L,Box Profiles, etc.) Section Height Min. (mm): 80 Max. (mm):600 Section Width Min. (mm): 80 Max. (mm):1200 For Sheet Material (With Sheet Slider) Section Height Min. (mm): 12 Max. Thickness mm [&hellip;]<\/p>\n","protected":false},"author":1,"featured_media":50,"parent":0,"menu_order":0,"comment_status":"closed","ping_status":"closed","template":"","meta":[],"_links":{"self":[{"href":"https:\/\/teknoplan.com.tr\/en\/wp-json\/wp\/v2\/pages\/382"}],"collection":[{"href":"https:\/\/teknoplan.com.tr\/en\/wp-json\/wp\/v2\/pages"}],"about":[{"href":"https:\/\/teknoplan.com.tr\/en\/wp-json\/wp\/v2\/types\/page"}],"author":[{"embeddable":true,"href":"https:\/\/teknoplan.com.tr\/en\/wp-json\/wp\/v2\/users\/1"}],"replies":[{"embeddable":true,"href":"https:\/\/teknoplan.com.tr\/en\/wp-json\/wp\/v2\/comments?post=382"}],"version-history":[{"count":11,"href":"https:\/\/teknoplan.com.tr\/en\/wp-json\/wp\/v2\/pages\/382\/revisions"}],"predecessor-version":[{"id":1253,"href":"https:\/\/teknoplan.com.tr\/en\/wp-json\/wp\/v2\/pages\/382\/revisions\/1253"}],"wp:featuredmedia":[{"embeddable":true,"href":"https:\/\/teknoplan.com.tr\/en\/wp-json\/wp\/v2\/media\/50"}],"wp:attachment":[{"href":"https:\/\/teknoplan.com.tr\/en\/wp-json\/wp\/v2\/media?parent=382"}],"curies":[{"name":"wp","href":"https:\/\/api.w.org\/{rel}","templated":true}]}}