{"id":686,"date":"2022-09-08T11:39:08","date_gmt":"2022-09-08T11:39:08","guid":{"rendered":"https:\/\/teknoplan.com.tr\/automation\/?page_id=686"},"modified":"2022-09-27T21:47:36","modified_gmt":"2022-09-27T21:47:36","slug":"referanslar","status":"publish","type":"page","link":"https:\/\/teknoplan.com.tr\/automation\/referanslar\/","title":{"rendered":"Referanslar"},"content":{"rendered":"<div  class=\"wp-block-ultimate-post-post-grid-1 ultp-block-141056\"><div class=\"ultp-block-wrapper\"><div class=\"ultp-loading\"><div class=\"ultp-loading-blocks\" style=\"width:100%;height:100%;\"><div style=\"left: 0;top: 0;animation-delay:0s;\"><\/div><div style=\"left: 21px;top: 0;animation-delay:0.125s;\"><\/div><div style=\"left: 42px;top: 0;animation-delay:0.25s;\"><\/div><div style=\"left: 0;top: 21px;animation-delay:0.875s;\"><\/div><div style=\"left: 42px;top: 21px;animation-delay:0.375s;\"><\/div><div style=\"left: 0;top: 42px;animation-delay:0.75s;\"><\/div><div style=\"left: 42px;top: 42px;animation-delay:0.625s;\"><\/div><div style=\"left: 21px;top: 42px;animation-delay:0.5s;\"><\/div><\/div><\/div><div class=\"ultp-block-items-wrap ultp-block-row ultp-pg1a-style1 ultp-block-column-6 ultp-layout1\"><div class=\"ultp-block-item post-id-1648\"><div class=\"ultp-block-content-wrap\"><div class=\"ultp-block-image ultp-block-image-zoomIn\"><a href=\"https:\/\/teknoplan.com.tr\/automation\/blog\/2022\/10\/04\/bayik-metal\/\" ><img  alt=\"Bay\u0131k Metal\"  src=\"https:\/\/teknoplan.com.tr\/automation\/wp-content\/uploads\/sites\/11\/2022\/10\/bayik-metal.png\" \/><\/a><\/div><div class=\"ultp-block-content\"><\/div><\/div><\/div><div class=\"ultp-block-item post-id-1645\"><div class=\"ultp-block-content-wrap\"><div class=\"ultp-block-image ultp-block-image-zoomIn\"><a href=\"https:\/\/teknoplan.com.tr\/automation\/blog\/2022\/10\/04\/akbor\/\" ><img  alt=\"Akbor\"  src=\"https:\/\/teknoplan.com.tr\/automation\/wp-content\/uploads\/sites\/11\/2022\/10\/akbor.png\" \/><\/a><\/div><div class=\"ultp-block-content\"><\/div><\/div><\/div><div class=\"ultp-block-item post-id-1643\"><div class=\"ultp-block-content-wrap\"><div class=\"ultp-block-content\"><\/div><\/div><\/div><div class=\"ultp-block-item post-id-1640\"><div class=\"ultp-block-content-wrap\"><div class=\"ultp-block-image ultp-block-image-zoomIn\"><a href=\"https:\/\/teknoplan.com.tr\/automation\/blog\/2022\/10\/04\/gerdwolff\/\" ><img  alt=\"Gerdwolff\"  src=\"https:\/\/teknoplan.com.tr\/automation\/wp-content\/uploads\/sites\/11\/2022\/10\/gerdwolff.png\" \/><\/a><\/div><div class=\"ultp-block-content\"><\/div><\/div><\/div><div class=\"ultp-block-item post-id-1635\"><div class=\"ultp-block-content-wrap\"><div class=\"ultp-block-image ultp-block-image-zoomIn\"><a href=\"https:\/\/teknoplan.com.tr\/automation\/blog\/2022\/10\/04\/arcelor-mittal\/\" ><img  alt=\"Arcelor Mittal\"  src=\"https:\/\/teknoplan.com.tr\/automation\/wp-content\/uploads\/sites\/11\/2022\/10\/arcelor-mittal.gif\" \/><\/a><\/div><div class=\"ultp-block-content\"><\/div><\/div><\/div><div class=\"ultp-block-item post-id-1474\"><div class=\"ultp-block-content-wrap\"><div class=\"ultp-block-image ultp-block-image-zoomIn\"><a href=\"https:\/\/teknoplan.com.tr\/automation\/blog\/2022\/09\/29\/ankara-unallar-metal\/\" ><img  alt=\"Ankara \u00dcnallar Metal\"  src=\"https:\/\/teknoplan.com.tr\/automation\/wp-content\/uploads\/sites\/11\/2022\/09\/logo-unallar-300x122.png\" \/><\/a><\/div><div class=\"ultp-block-content\"><\/div><\/div><\/div><div class=\"ultp-block-item post-id-1337\"><div class=\"ultp-block-content-wrap\"><div class=\"ultp-block-image ultp-block-image-zoomIn\"><a href=\"https:\/\/teknoplan.com.tr\/automation\/blog\/2022\/09\/27\/cemsan\/\" ><img  alt=\"\u00c7emsan\"  src=\"https:\/\/teknoplan.com.tr\/automation\/wp-content\/uploads\/sites\/11\/2022\/09\/cemsan-300x111.png\" \/><\/a><\/div><div class=\"ultp-block-content\"><\/div><\/div><\/div><div class=\"ultp-block-item post-id-1318\"><div class=\"ultp-block-content-wrap\"><div class=\"ultp-block-image ultp-block-image-zoomIn\"><a href=\"https:\/\/teknoplan.com.tr\/automation\/blog\/2022\/09\/27\/rzk-celik\/\" ><img  alt=\"Rzk \u00c7elik\"  src=\"https:\/\/teknoplan.com.tr\/automation\/wp-content\/uploads\/sites\/11\/2022\/09\/rzk-celik.png\" \/><\/a><\/div><div class=\"ultp-block-content\"><\/div><\/div><\/div><div class=\"ultp-block-item post-id-1311\"><div class=\"ultp-block-content-wrap\"><div class=\"ultp-block-image ultp-block-image-zoomIn\"><a href=\"https:\/\/teknoplan.com.tr\/automation\/blog\/2022\/09\/27\/meiser\/\" ><img  alt=\"Meiser\"  src=\"https:\/\/teknoplan.com.tr\/automation\/wp-content\/uploads\/sites\/11\/2022\/09\/meiser-300x300.png\" \/><\/a><\/div><div class=\"ultp-block-content\"><\/div><\/div><\/div><div class=\"ultp-block-item post-id-1308\"><div class=\"ultp-block-content-wrap\"><div class=\"ultp-block-image ultp-block-image-zoomIn\"><a href=\"https:\/\/teknoplan.com.tr\/automation\/blog\/2022\/09\/27\/reinhold-schmitt\/\" ><img  alt=\"Reinhold Schmitt\"  src=\"https:\/\/teknoplan.com.tr\/automation\/wp-content\/uploads\/sites\/11\/2022\/09\/reinhold-schmitt-300x76.png\" \/><\/a><\/div><div class=\"ultp-block-content\"><\/div><\/div><\/div><div class=\"ultp-block-item post-id-1302\"><div class=\"ultp-block-content-wrap\"><div class=\"ultp-block-image ultp-block-image-zoomIn\"><a href=\"https:\/\/teknoplan.com.tr\/automation\/blog\/2022\/09\/27\/colakoglu-metalurji\/\" ><img  alt=\"\u00c7olako\u011flu Metalurji\"  src=\"https:\/\/teknoplan.com.tr\/automation\/wp-content\/uploads\/sites\/11\/2022\/09\/colakoglu-metalurji-300x209.png\" \/><\/a><\/div><div class=\"ultp-block-content\"><\/div><\/div><\/div><div class=\"ultp-block-item post-id-1299\"><div class=\"ultp-block-content-wrap\"><div class=\"ultp-block-image ultp-block-image-zoomIn\"><a href=\"https:\/\/teknoplan.com.tr\/automation\/blog\/2022\/09\/27\/ersem\/\" ><img  alt=\"Ersem\"  src=\"https:\/\/teknoplan.com.tr\/automation\/wp-content\/uploads\/sites\/11\/2022\/09\/ersem-300x132.png\" \/><\/a><\/div><div class=\"ultp-block-content\"><\/div><\/div><\/div><div class=\"ultp-block-item post-id-1296\"><div class=\"ultp-block-content-wrap\"><div class=\"ultp-block-image ultp-block-image-zoomIn\"><a href=\"https:\/\/teknoplan.com.tr\/automation\/blog\/2022\/09\/27\/isdemir\/\" ><img  alt=\"\u0130sdemir\"  src=\"https:\/\/teknoplan.com.tr\/automation\/wp-content\/uploads\/sites\/11\/2022\/09\/Isdemir_Logo-300x196.png\" \/><\/a><\/div><div class=\"ultp-block-content\"><\/div><\/div><\/div><div class=\"ultp-block-item post-id-1293\"><div class=\"ultp-block-content-wrap\"><div class=\"ultp-block-image ultp-block-image-zoomIn\"><a href=\"https:\/\/teknoplan.com.tr\/automation\/blog\/2022\/09\/27\/yildiz-demir-celik\/\" ><img  alt=\"Y\u0131ld\u0131z Demir \u00c7elik\"  src=\"https:\/\/teknoplan.com.tr\/automation\/wp-content\/uploads\/sites\/11\/2022\/09\/yildiz-demir-celik.png\" \/><\/a><\/div><div class=\"ultp-block-content\"><\/div><\/div><\/div><div class=\"ultp-block-item post-id-1127\"><div class=\"ultp-block-content-wrap\"><div class=\"ultp-block-image ultp-block-image-zoomIn\"><a href=\"https:\/\/teknoplan.com.tr\/automation\/blog\/2022\/09\/22\/erdemir\/\" ><img  alt=\"Erdemir\"  src=\"https:\/\/teknoplan.com.tr\/automation\/wp-content\/uploads\/sites\/11\/2020\/11\/erdemir1-300x187-1.jpg\" \/><\/a><\/div><div class=\"ultp-block-content\"><\/div><\/div><\/div><div class=\"ultp-block-item post-id-907\"><div class=\"ultp-block-content-wrap\"><div class=\"ultp-block-image ultp-block-image-zoomIn\"><a href=\"https:\/\/teknoplan.com.tr\/automation\/blog\/2022\/09\/09\/alcos\/\" ><img  alt=\"Alcos\"  src=\"https:\/\/teknoplan.com.tr\/automation\/wp-content\/uploads\/sites\/11\/2020\/11\/alcos-300x188.gif\" \/><\/a><\/div><div class=\"ultp-block-content\"><\/div><\/div><\/div><div class=\"ultp-block-item post-id-909\"><div class=\"ultp-block-content-wrap\"><div class=\"ultp-block-image ultp-block-image-zoomIn\"><a href=\"https:\/\/teknoplan.com.tr\/automation\/blog\/2022\/09\/09\/borusan-mannesmann\/\" ><img  alt=\"Borusan Mannesmann\"  src=\"https:\/\/teknoplan.com.tr\/automation\/wp-content\/uploads\/sites\/11\/2020\/11\/mannesman-300x187-1.jpg\" \/><\/a><\/div><div class=\"ultp-block-content\"><\/div><\/div><\/div><div class=\"ultp-block-item post-id-912\"><div class=\"ultp-block-content-wrap\"><div class=\"ultp-block-image ultp-block-image-zoomIn\"><a href=\"https:\/\/teknoplan.com.tr\/automation\/blog\/2022\/09\/09\/tubacon\/\" ><img  alt=\"Tubacon\"  src=\"https:\/\/teknoplan.com.tr\/automation\/wp-content\/uploads\/sites\/11\/2022\/09\/tubecon-300x46.png\" \/><\/a><\/div><div class=\"ultp-block-content\"><\/div><\/div><\/div><div class=\"ultp-block-item post-id-911\"><div class=\"ultp-block-content-wrap\"><div class=\"ultp-block-image ultp-block-image-zoomIn\"><a href=\"https:\/\/teknoplan.com.tr\/automation\/blog\/2022\/09\/09\/borcelik\/\" ><img  alt=\"Bor\u00e7elik\"  src=\"https:\/\/teknoplan.com.tr\/automation\/wp-content\/uploads\/sites\/11\/2020\/11\/borcelik-300x53.png\" \/><\/a><\/div><div class=\"ultp-block-content\"><\/div><\/div><\/div><div class=\"ultp-block-item post-id-910\"><div class=\"ultp-block-content-wrap\"><div class=\"ultp-block-image ultp-block-image-zoomIn\"><a href=\"https:\/\/teknoplan.com.tr\/automation\/blog\/2022\/09\/09\/mfq\/\" ><img  alt=\"MFQ\"  src=\"https:\/\/teknoplan.com.tr\/automation\/wp-content\/uploads\/sites\/11\/2020\/11\/mfq-300x187-1.png\" \/><\/a><\/div><div class=\"ultp-block-content\"><\/div><\/div><\/div><div class=\"ultp-block-item post-id-908\"><div class=\"ultp-block-content-wrap\"><div class=\"ultp-block-image ultp-block-image-zoomIn\"><a href=\"https:\/\/teknoplan.com.tr\/automation\/blog\/2022\/09\/09\/cihan-maden\/\" ><img  alt=\"Cihan Maden\"  src=\"https:\/\/teknoplan.com.tr\/automation\/wp-content\/uploads\/sites\/11\/2022\/09\/cihan_maden-300x187-1-300x300.png\" \/><\/a><\/div><div class=\"ultp-block-content\"><\/div><\/div><\/div><div class=\"ultp-block-item post-id-904\"><div class=\"ultp-block-content-wrap\"><div class=\"ultp-block-image ultp-block-image-zoomIn\"><a href=\"https:\/\/teknoplan.com.tr\/automation\/blog\/2022\/09\/09\/pds-makina\/\" ><img  alt=\"Pds Makina\"  src=\"https:\/\/teknoplan.com.tr\/automation\/wp-content\/uploads\/sites\/11\/2020\/11\/pds_makine-300x187-1.png\" \/><\/a><\/div><div class=\"ultp-block-content\"><\/div><\/div><\/div><div class=\"ultp-block-item post-id-900\"><div class=\"ultp-block-content-wrap\"><div class=\"ultp-block-image ultp-block-image-zoomIn\"><a href=\"https:\/\/teknoplan.com.tr\/automation\/blog\/2022\/09\/09\/cepas\/\" ><img  alt=\"\u00c7epa\u015f\"  src=\"https:\/\/teknoplan.com.tr\/automation\/wp-content\/uploads\/sites\/11\/2020\/11\/cepas-300x187-1.jpg\" \/><\/a><\/div><div class=\"ultp-block-content\"><\/div><\/div><\/div><div class=\"ultp-block-item post-id-893\"><div class=\"ultp-block-content-wrap\"><div class=\"ultp-block-image ultp-block-image-zoomIn\"><a href=\"https:\/\/teknoplan.com.tr\/automation\/blog\/2022\/09\/09\/alptas-metal\/\" ><img  alt=\"Alpta\u015f Metal\"  src=\"https:\/\/teknoplan.com.tr\/automation\/wp-content\/uploads\/sites\/11\/2020\/11\/alptasmetal-300x187-1.png\" \/><\/a><\/div><div class=\"ultp-block-content\"><\/div><\/div><\/div><div class=\"ultp-block-item post-id-889\"><div class=\"ultp-block-content-wrap\"><div class=\"ultp-block-image ultp-block-image-zoomIn\"><a href=\"https:\/\/teknoplan.com.tr\/automation\/blog\/2022\/09\/09\/koyuncu\/\" ><img  alt=\"Koyuncu\"  src=\"https:\/\/teknoplan.com.tr\/automation\/wp-content\/uploads\/sites\/11\/2020\/11\/koyuncu-300x188.gif\" \/><\/a><\/div><div class=\"ultp-block-content\"><\/div><\/div><\/div><div class=\"ultp-block-item post-id-873\"><div class=\"ultp-block-content-wrap\"><div class=\"ultp-block-image ultp-block-image-zoomIn\"><a href=\"https:\/\/teknoplan.com.tr\/automation\/blog\/2022\/09\/09\/tatmetal\/\" ><img  alt=\"Tat Metal\"  src=\"https:\/\/teknoplan.com.tr\/automation\/wp-content\/uploads\/sites\/11\/2020\/11\/tat_metal-300x188.jpg\" \/><\/a><\/div><div class=\"ultp-block-content\"><\/div><\/div><\/div><div class=\"ultp-block-item post-id-870\"><div class=\"ultp-block-content-wrap\"><div class=\"ultp-block-image ultp-block-image-zoomIn\"><a href=\"https:\/\/teknoplan.com.tr\/automation\/blog\/2022\/09\/09\/toscelik\/\" ><img  alt=\"Tos\u00e7elik\"  src=\"https:\/\/teknoplan.com.tr\/automation\/wp-content\/uploads\/sites\/11\/2022\/09\/toscelik.png\" \/><\/a><\/div><div class=\"ultp-block-content\"><\/div><\/div><\/div><div class=\"ultp-block-item post-id-862\"><div class=\"ultp-block-content-wrap\"><div class=\"ultp-block-image ultp-block-image-zoomIn\"><a href=\"https:\/\/teknoplan.com.tr\/automation\/blog\/2022\/09\/09\/cinar-metal-2\/\" ><img  alt=\"\u00c7\u0131nar Metal\"  src=\"https:\/\/teknoplan.com.tr\/automation\/wp-content\/uploads\/sites\/11\/2020\/11\/cinar-boru-300x187-1.jpg\" \/><\/a><\/div><div class=\"ultp-block-content\"><\/div><\/div><\/div><div class=\"ultp-block-item post-id-781\"><div class=\"ultp-block-content-wrap\"><div class=\"ultp-block-image ultp-block-image-zoomIn\"><a href=\"https:\/\/teknoplan.com.tr\/automation\/blog\/2022\/09\/09\/schutz\/\" ><img  alt=\"Sch\u00fctz\"  src=\"https:\/\/teknoplan.com.tr\/automation\/wp-content\/uploads\/sites\/11\/2020\/11\/schuetz_logo-300x187-2.png\" \/><\/a><\/div><div class=\"ultp-block-content\"><\/div><\/div><\/div><div class=\"ultp-block-item post-id-763\"><div class=\"ultp-block-content-wrap\"><div class=\"ultp-block-image ultp-block-image-zoomIn\"><a href=\"https:\/\/teknoplan.com.tr\/automation\/blog\/2022\/09\/09\/kerimcelik\/\" ><img  alt=\"Kerim\u00e7elik\"  src=\"https:\/\/teknoplan.com.tr\/automation\/wp-content\/uploads\/sites\/11\/2020\/11\/kerim_celik_logo-300x188.png\" \/><\/a><\/div><div class=\"ultp-block-content\"><\/div><\/div><\/div><div class=\"ultp-block-item post-id-691\"><div class=\"ultp-block-content-wrap\"><div class=\"ultp-block-image ultp-block-image-zoomIn\"><a href=\"https:\/\/teknoplan.com.tr\/automation\/blog\/2022\/09\/08\/kardemir-referans\/\" ><img  alt=\"Kardemir\"  src=\"https:\/\/teknoplan.com.tr\/automation\/wp-content\/uploads\/sites\/11\/2020\/11\/Kardemir-300x188.gif\" \/><\/a><\/div><div class=\"ultp-block-content\"><\/div><\/div><\/div><div class=\"ultp-block-item post-id-257\"><div class=\"ultp-block-content-wrap\"><div class=\"ultp-block-image ultp-block-image-zoomIn\"><a href=\"https:\/\/teknoplan.com.tr\/automation\/blog\/2020\/11\/30\/flowtech-boru-hatti-otomasyonu\/\" ><img  alt=\"Flowtech\"  src=\"https:\/\/teknoplan.com.tr\/automation\/wp-content\/uploads\/sites\/11\/2020\/11\/flowtech-300x105-1.png\" \/><\/a><\/div><div class=\"ultp-block-content\"><\/div><\/div><\/div><\/div><\/div><\/div>\n\n\n<p><\/p>\n","protected":false},"excerpt":{"rendered":"","protected":false},"author":1,"featured_media":669,"parent":0,"menu_order":0,"comment_status":"closed","ping_status":"closed","template":"","meta":[],"_links":{"self":[{"href":"https:\/\/teknoplan.com.tr\/automation\/wp-json\/wp\/v2\/pages\/686"}],"collection":[{"href":"https:\/\/teknoplan.com.tr\/automation\/wp-json\/wp\/v2\/pages"}],"about":[{"href":"https:\/\/teknoplan.com.tr\/automation\/wp-json\/wp\/v2\/types\/page"}],"author":[{"embeddable":true,"href":"https:\/\/teknoplan.com.tr\/automation\/wp-json\/wp\/v2\/users\/1"}],"replies":[{"embeddable":true,"href":"https:\/\/teknoplan.com.tr\/automation\/wp-json\/wp\/v2\/comments?post=686"}],"version-history":[{"count":30,"href":"https:\/\/teknoplan.com.tr\/automation\/wp-json\/wp\/v2\/pages\/686\/revisions"}],"predecessor-version":[{"id":1340,"href":"https:\/\/teknoplan.com.tr\/automation\/wp-json\/wp\/v2\/pages\/686\/revisions\/1340"}],"wp:featuredmedia":[{"embeddable":true,"href":"https:\/\/teknoplan.com.tr\/automation\/wp-json\/wp\/v2\/media\/669"}],"wp:attachment":[{"href":"https:\/\/teknoplan.com.tr\/automation\/wp-json\/wp\/v2\/media?parent=686"}],"curies":[{"name":"wp","href":"https:\/\/api.w.org\/{rel}","templated":true}]}}